{"id":71,"date":"2016-08-08T17:49:31","date_gmt":"2016-08-08T15:49:31","guid":{"rendered":"http:\/\/englishofcourse.fr\/?page_id=71"},"modified":"2025-12-03T09:24:51","modified_gmt":"2025-12-03T08:24:51","slug":"formations","status":"publish","type":"page","link":"https:\/\/englishofcourse.fr\/index.php\/formations\/","title":{"rendered":"Formations"},"content":{"rendered":"<div id=\"pl-71\" class=\"panel-layout\">\n<div id=\"pg-71-0\" class=\"panel-grid panel-has-style\" data-style=\"{&quot;align&quot;:&quot;&quot;,&quot;overlay&quot;:&quot;&quot;}\">\n<div class=\"panel-row-style panel-row-style-for-71-0\" style=\"padding: 100px 0;\" data-overlay=\"true\">\n<div id=\"pgc-71-0-0\" class=\"panel-grid-cell\" data-weight=\"1\">\n<div id=\"panel-71-0-0-0\" class=\"so-panel widget widget_sow-editor panel-first-child panel-last-child\" data-index=\"0\" data-style=\"{&quot;background_image_attachment&quot;:false,&quot;background_display&quot;:&quot;tile&quot;}\">\n<div class=\"so-widget-sow-editor so-widget-sow-editor-base\">\n<div class=\"siteorigin-widget-tinymce textwidget\">\n<p><img loading=\"lazy\" decoding=\"async\" class=\" wp-image-4 aligncenter\" src=\"https:\/\/englishofcourse.fr\/wp-content\/uploads\/2016\/08\/Logo-300x89.jpg\" alt=\"Logo\" width=\"391\" height=\"116\" srcset=\"https:\/\/englishofcourse.fr\/wp-content\/uploads\/2016\/08\/Logo-300x89.jpg 300w, https:\/\/englishofcourse.fr\/wp-content\/uploads\/2016\/08\/Logo-768x227.jpg 768w, https:\/\/englishofcourse.fr\/wp-content\/uploads\/2016\/08\/Logo-1024x303.jpg 1024w, https:\/\/englishofcourse.fr\/wp-content\/uploads\/2016\/08\/Logo-1200x355.jpg 1200w, https:\/\/englishofcourse.fr\/wp-content\/uploads\/2016\/08\/Logo.jpg 1589w\" sizes=\"(max-width: 391px) 100vw, 391px\" \/><\/p>\n<h3 style=\"text-align: center;\"><strong>100% Personnalis\u00e9es &#8211; 100% Personnalisables &#8211; Face \u00e0 Face ou en Groupe<\/strong><\/h3>\n<h4 style=\"text-align: center;\"><em>English Of Course s&rsquo;adapte \u00e0 vos besoins<\/em><\/h4>\n<h4 style=\"text-align: center;\"><span style=\"color: #333399;\"><a style=\"color: #333399;\" href=\"https:\/\/englishofcourse.fr\/index.php\/formations\/les-formations\/\" target=\"_blank\" rel=\"noopener\">Cliquez ici pour plus d&rsquo;informations sur les formations<\/a><\/span><\/h4>\n<h4 style=\"text-align: center;\"><span style=\"color: #333399;\"><a style=\"color: #333399;\" href=\"https:\/\/englishofcourse.fr\/index.php\/votre-formation\/\">Cliquez ici pour en savoir plus sur VOTRE formation<\/a><\/span><\/h4>\n<p style=\"text-align: center;\">Pour les personnes en situation de handicap, veuillez cliquer <span style=\"text-decoration: underline;\"><span style=\"color: #0000ff;\"><strong>ici<\/strong><\/span><\/span><\/p>\n<p><a href=\"https:\/\/englishofcourse.fr\/wp-content\/uploads\/2025\/12\/Flyer-EOC-2025-scaled.jpg\"><img loading=\"lazy\" decoding=\"async\" class=\"aligncenter size-full wp-image-15409\" src=\"https:\/\/englishofcourse.fr\/wp-content\/uploads\/2025\/12\/Flyer-EOC-2025-scaled.jpg\" alt=\"\" width=\"1991\" height=\"2560\" srcset=\"https:\/\/englishofcourse.fr\/wp-content\/uploads\/2025\/12\/Flyer-EOC-2025-scaled.jpg 1991w, https:\/\/englishofcourse.fr\/wp-content\/uploads\/2025\/12\/Flyer-EOC-2025-233x300.jpg 233w, https:\/\/englishofcourse.fr\/wp-content\/uploads\/2025\/12\/Flyer-EOC-2025-797x1024.jpg 797w, https:\/\/englishofcourse.fr\/wp-content\/uploads\/2025\/12\/Flyer-EOC-2025-768x987.jpg 768w, https:\/\/englishofcourse.fr\/wp-content\/uploads\/2025\/12\/Flyer-EOC-2025-1195x1536.jpg 1195w, https:\/\/englishofcourse.fr\/wp-content\/uploads\/2025\/12\/Flyer-EOC-2025-1593x2048.jpg 1593w, https:\/\/englishofcourse.fr\/wp-content\/uploads\/2025\/12\/Flyer-EOC-2025-1000x1286.jpg 1000w, https:\/\/englishofcourse.fr\/wp-content\/uploads\/2025\/12\/Flyer-EOC-2025-230x296.jpg 230w, https:\/\/englishofcourse.fr\/wp-content\/uploads\/2025\/12\/Flyer-EOC-2025-350x450.jpg 350w, https:\/\/englishofcourse.fr\/wp-content\/uploads\/2025\/12\/Flyer-EOC-2025-480x617.jpg 480w\" sizes=\"(max-width: 1991px) 100vw, 1991px\" \/><\/a><\/p>\n<\/div>\n<\/div>\n<ul>\n<li>Vous avez un doute apr\u00e8s avoir sign\u00e9 votre contrat, utilisez le formulaire de r\u00e9tractation disponible <span style=\"color: #0000ff;\"><a style=\"color: #0000ff;\" href=\"https:\/\/englishofcourse.fr\/index.php\/droit-de-retractation\/\" target=\"_blank\" rel=\"noopener\">ici<\/a><\/span><\/li>\n<\/ul>\n<div class=\"so-widget-sow-editor so-widget-sow-editor-base\">\n<p style=\"text-align: right;\"><em>Derni\u00e8re mise \u00e0 jour: 06\/01\/2025<\/em><\/p>\n<\/div>\n<\/div>\n<\/div>\n<\/div>\n<\/div>\n<\/div>\n","protected":false},"excerpt":{"rendered":"<p>100% Personnalis\u00e9es &#8211; 100% Personnalisables &#8211; Face \u00e0 Face ou en Groupe English Of Course s&rsquo;adapte \u00e0 vos besoins Cliquez ici pour plus d&rsquo;informations sur les formations Cliquez ici pour en savoir plus sur VOTRE formation Pour les personnes en situation de handicap, veuillez cliquer ici Vous avez un doute apr\u00e8s avoir sign\u00e9 votre contrat, utilisez le formulaire de r\u00e9tractation disponible ici Derni\u00e8re mise \u00e0 jour: 06\/01\/2025<\/p>\n","protected":false},"author":1,"featured_media":0,"parent":0,"menu_order":0,"comment_status":"closed","ping_status":"closed","template":"","meta":{"footnotes":""},"class_list":["post-71","page","type-page","status-publish","hentry"],"jetpack_sharing_enabled":true,"_links":{"self":[{"href":"https:\/\/englishofcourse.fr\/index.php\/wp-json\/wp\/v2\/pages\/71"}],"collection":[{"href":"https:\/\/englishofcourse.fr\/index.php\/wp-json\/wp\/v2\/pages"}],"about":[{"href":"https:\/\/englishofcourse.fr\/index.php\/wp-json\/wp\/v2\/types\/page"}],"author":[{"embeddable":true,"href":"https:\/\/englishofcourse.fr\/index.php\/wp-json\/wp\/v2\/users\/1"}],"replies":[{"embeddable":true,"href":"https:\/\/englishofcourse.fr\/index.php\/wp-json\/wp\/v2\/comments?post=71"}],"version-history":[{"count":19,"href":"https:\/\/englishofcourse.fr\/index.php\/wp-json\/wp\/v2\/pages\/71\/revisions"}],"predecessor-version":[{"id":15410,"href":"https:\/\/englishofcourse.fr\/index.php\/wp-json\/wp\/v2\/pages\/71\/revisions\/15410"}],"wp:attachment":[{"href":"https:\/\/englishofcourse.fr\/index.php\/wp-json\/wp\/v2\/media?parent=71"}],"curies":[{"name":"wp","href":"https:\/\/api.w.org\/{rel}","templated":true}]}}