{"id":341,"date":"2016-09-24T15:24:34","date_gmt":"2016-09-24T13:24:34","guid":{"rendered":"http:\/\/englishofcourse.fr\/?page_id=341"},"modified":"2016-09-24T16:45:48","modified_gmt":"2016-09-24T14:45:48","slug":"pub-quiz","status":"publish","type":"page","link":"https:\/\/englishofcourse.fr\/index.php\/pub-quiz\/","title":{"rendered":"Pub Quiz"},"content":{"rendered":"<h3 style=\"padding-left: 90px;\"><a href=\"https:\/\/englishofcourse.fr\/wp-content\/uploads\/2016\/08\/cropped-cropped-Logo.jpg\"><img loading=\"lazy\" decoding=\"async\" class=\"alignnone wp-image-8\" src=\"https:\/\/englishofcourse.fr\/wp-content\/uploads\/2016\/08\/cropped-cropped-Logo.jpg\" alt=\"cropped-cropped-Logo.jpg\" width=\"279\" height=\"125\" srcset=\"https:\/\/englishofcourse.fr\/wp-content\/uploads\/2016\/08\/cropped-cropped-Logo.jpg 1920w, https:\/\/englishofcourse.fr\/wp-content\/uploads\/2016\/08\/cropped-cropped-Logo-300x134.jpg 300w, https:\/\/englishofcourse.fr\/wp-content\/uploads\/2016\/08\/cropped-cropped-Logo-768x344.jpg 768w, https:\/\/englishofcourse.fr\/wp-content\/uploads\/2016\/08\/cropped-cropped-Logo-1024x458.jpg 1024w, https:\/\/englishofcourse.fr\/wp-content\/uploads\/2016\/08\/cropped-cropped-Logo-830x371.jpg 830w, https:\/\/englishofcourse.fr\/wp-content\/uploads\/2016\/08\/cropped-cropped-Logo-230x103.jpg 230w, https:\/\/englishofcourse.fr\/wp-content\/uploads\/2016\/08\/cropped-cropped-Logo-350x157.jpg 350w, https:\/\/englishofcourse.fr\/wp-content\/uploads\/2016\/08\/cropped-cropped-Logo-480x215.jpg 480w\" sizes=\"(max-width: 279px) 100vw, 279px\" \/><\/a>and\u00a0<span style=\"font-size: 16px;\"><img loading=\"lazy\" decoding=\"async\" class=\"alignnone \" src=\"https:\/\/scontent-fra3-1.xx.fbcdn.net\/t31.0-8\/12375079_1687391278173318_8755238213649871444_o.jpg\" alt=\"\" width=\"165\" height=\"166\" \/><\/span><\/h3>\n<h3 style=\"text-align: center;\">are happy to invite you to their first Pub Quiz<\/h3>\n<h3 style=\"text-align: center;\"><\/h3>\n<p>Hi everyone,<\/p>\n<p>How great would it be to test your general knowledge with a quiz? Even better you could actually\u00a0experience a traditional pub quiz\u00a0while drinking a delicious\u00a0beer.<\/p>\n<p>Oh, by the way, <strong>the fourth Thursday of November<\/strong> is a bit special? Google it if you are not sure<\/p>\n<p><strong>Event place<\/strong>: L&rsquo;Entre Pot \u00e0 Bi\u00e8re<br \/>\n<strong>Time<\/strong>: 7.00PM sharp!!!<\/p>\n<p>Make sure you sign up using the template below as the number of participants is limited.<\/p>\n<hr \/>\n<p>Bonjour \u00e0 tous,<\/p>\n<p>Vous souhaitez mettre \u00e0 profit vos cours d&rsquo;anglais, tester votre culture g\u00e9n\u00e9rale, ou tout simplement passer une bonne soir\u00e9e? Et si je vous disais que vous pouviez d\u00e9couvrir le vrai Pub Quiz en d\u00e9gustant une succulente bi\u00e8re?<\/p>\n<p>Au fait, nous serons le 4\u00e8me jeudi du mois de Novembre. (Petit indice pour le th\u00e8me de la soir\u00e9e)<\/p>\n<p>Rejoignez nous \u00e0 <strong>l&rsquo;Entre Pot \u00e0 Bi\u00e8re<\/strong> \u00e0 Andr\u00e9zieux Bouth\u00e9on le <strong>jeudi 24 Novembre 2016<\/strong> \u00e0 <strong>19h00<\/strong>\u00a0en inscrivant votre \u00e9quipe \u00e0 l&rsquo;aide du formulaire ci-dessous.<\/p>\n<p>Attention: Nombre de participants limit\u00e9.<br \/>\n<iframe loading=\"lazy\" src=\"https:\/\/docs.google.com\/forms\/d\/e\/1FAIpQLSey0RHxzHrbJYPV8COxT4VrP5WJ5RbnLyeog7MjkJH1-VaFuw\/viewform?embedded=true\" width=\"1600\" height=\"1600\" frameborder=\"0\" marginwidth=\"0\" marginheight=\"0\">Loading&#8230;<\/iframe><\/p>\n<p>&nbsp;<\/p>\n","protected":false},"excerpt":{"rendered":"<p>and\u00a0 are happy to invite you to their first Pub Quiz Hi everyone, How great would it be to test your general knowledge with a quiz? Even better you could actually\u00a0experience a traditional pub quiz\u00a0while drinking a delicious\u00a0beer. Oh, by the way, the fourth Thursday of November is a bit special? Google it if you are not sure Event place: L&rsquo;Entre Pot \u00e0 Bi\u00e8re Time: 7.00PM sharp!!! Make sure you sign up using the template below as the number of participants is limited. Bonjour \u00e0 tous, Vous souhaitez mettre \u00e0 profit vos cours d&rsquo;anglais, tester votre culture g\u00e9n\u00e9rale, ou tout [&hellip;]<\/p>\n","protected":false},"author":1,"featured_media":0,"parent":0,"menu_order":0,"comment_status":"closed","ping_status":"closed","template":"","meta":{"footnotes":""},"class_list":["post-341","page","type-page","status-publish","hentry"],"jetpack_sharing_enabled":true,"_links":{"self":[{"href":"https:\/\/englishofcourse.fr\/index.php\/wp-json\/wp\/v2\/pages\/341"}],"collection":[{"href":"https:\/\/englishofcourse.fr\/index.php\/wp-json\/wp\/v2\/pages"}],"about":[{"href":"https:\/\/englishofcourse.fr\/index.php\/wp-json\/wp\/v2\/types\/page"}],"author":[{"embeddable":true,"href":"https:\/\/englishofcourse.fr\/index.php\/wp-json\/wp\/v2\/users\/1"}],"replies":[{"embeddable":true,"href":"https:\/\/englishofcourse.fr\/index.php\/wp-json\/wp\/v2\/comments?post=341"}],"version-history":[{"count":19,"href":"https:\/\/englishofcourse.fr\/index.php\/wp-json\/wp\/v2\/pages\/341\/revisions"}],"predecessor-version":[{"id":362,"href":"https:\/\/englishofcourse.fr\/index.php\/wp-json\/wp\/v2\/pages\/341\/revisions\/362"}],"wp:attachment":[{"href":"https:\/\/englishofcourse.fr\/index.php\/wp-json\/wp\/v2\/media?parent=341"}],"curies":[{"name":"wp","href":"https:\/\/api.w.org\/{rel}","templated":true}]}}