{"id":27,"date":"2016-08-07T12:06:05","date_gmt":"2016-08-07T11:06:05","guid":{"rendered":"http:\/\/englishofcourse.fr\/?page_id=27"},"modified":"2026-01-04T10:30:52","modified_gmt":"2026-01-04T09:30:52","slug":"getting-to-know-each-other-faisons-connaissance","status":"publish","type":"page","link":"https:\/\/englishofcourse.fr\/","title":{"rendered":"Getting to know each other &#8211; Faisons connaissance"},"content":{"rendered":"<p style=\"text-align: center;\"><strong>Statistiques<\/strong><\/p>\n\n\n<div class=\"wp-block-columns is-layout-flex wp-container-core-columns-is-layout-1 wp-block-columns-is-layout-flex\">\n<div class=\"wp-block-column is-layout-flow wp-block-column-is-layout-flow\" style=\"flex-basis:100%\">\n\t\t<!-- MasterSlider -->\n\t\t<div id=\"P_MS69dc0548cb220\" class=\"master-slider-parent msl ms-parent-id-4\" style=\"max-width:945px;\">\n\n\t\t\t\n\t\t\t<!-- MasterSlider Main -->\n\t\t\t<div id=\"MS69dc0548cb220\" class=\"master-slider ms-skin-default\" >\n\t\t\t\t \t\t\t\t \n\t\t\t\t<div  class=\"ms-slide\" data-delay=\"3\" data-fill-mode=\"fill\"  >\n\t\t\t\t\t<img decoding=\"async\" src=\"https:\/\/englishofcourse.fr\/wp-content\/plugins\/master-slider\/public\/assets\/css\/blank.gif\" alt=\"\" title=\"\" data-src=\"https:\/\/englishofcourse.fr\/wp-content\/uploads\/2025\/12\/Slide-1.jpg\" \/>\n\n\n\t<img decoding=\"async\" class=\"ms-thumb\" src=\"https:\/\/englishofcourse.fr\/wp-content\/uploads\/2025\/12\/Slide-1-100x80.jpg\" alt=\"\" \/>\n\t<div class=\"ms-thumb\" ><div class=\"ms-tab-context\"><div class=&quot;ms-tab-context&quot;><\/div><\/div>\n<\/div>\n\t\t\t\t<\/div>\n\t\t\t\t<div  class=\"ms-slide\" data-delay=\"3\" data-fill-mode=\"fill\"  >\n\t\t\t\t\t<img decoding=\"async\" src=\"https:\/\/englishofcourse.fr\/wp-content\/plugins\/master-slider\/public\/assets\/css\/blank.gif\" alt=\"\" title=\"\" data-src=\"https:\/\/englishofcourse.fr\/wp-content\/uploads\/2025\/12\/Slide-2.jpg\" \/>\n\n\n\t<img decoding=\"async\" class=\"ms-thumb\" src=\"https:\/\/englishofcourse.fr\/wp-content\/uploads\/2025\/12\/Slide-2-100x80.jpg\" alt=\"\" \/>\n\t<div class=\"ms-thumb\" ><div class=\"ms-tab-context\"><div class=&quot;ms-tab-context&quot;><\/div><\/div>\n<\/div>\n\t\t\t\t<\/div>\n\t\t\t\t<div  class=\"ms-slide\" data-delay=\"3\" data-fill-mode=\"fill\"  >\n\t\t\t\t\t<img decoding=\"async\" src=\"https:\/\/englishofcourse.fr\/wp-content\/plugins\/master-slider\/public\/assets\/css\/blank.gif\" alt=\"\" title=\"\" data-src=\"https:\/\/englishofcourse.fr\/wp-content\/uploads\/2025\/12\/Slide-3.jpg\" \/>\n\n\n\t<img decoding=\"async\" class=\"ms-thumb\" src=\"https:\/\/englishofcourse.fr\/wp-content\/uploads\/2025\/12\/Slide-3-100x80.jpg\" alt=\"\" \/>\n\t<div class=\"ms-thumb\" ><div class=\"ms-tab-context\"><div class=&quot;ms-tab-context&quot;><\/div><\/div>\n<\/div>\n\t\t\t\t<\/div>\n\t\t\t\t<div  class=\"ms-slide\" data-delay=\"3\" data-fill-mode=\"fill\"  >\n\t\t\t\t\t<img decoding=\"async\" src=\"https:\/\/englishofcourse.fr\/wp-content\/plugins\/master-slider\/public\/assets\/css\/blank.gif\" alt=\"\" title=\"\" data-src=\"https:\/\/englishofcourse.fr\/wp-content\/uploads\/2025\/12\/Slide-4.jpg\" \/>\n\n\n\t<img decoding=\"async\" class=\"ms-thumb\" src=\"https:\/\/englishofcourse.fr\/wp-content\/uploads\/2025\/12\/Slide-4-100x80.jpg\" alt=\"\" \/>\n\t<div class=\"ms-thumb\" ><div class=\"ms-tab-context\"><div class=&quot;ms-tab-context&quot;><\/div><\/div>\n<\/div>\n\t\t\t\t<\/div>\n\t\t\t\t<div  class=\"ms-slide\" data-delay=\"3\" data-fill-mode=\"fill\"  >\n\t\t\t\t\t<img decoding=\"async\" src=\"https:\/\/englishofcourse.fr\/wp-content\/plugins\/master-slider\/public\/assets\/css\/blank.gif\" alt=\"\" title=\"\" data-src=\"https:\/\/englishofcourse.fr\/wp-content\/uploads\/2025\/12\/Slide-5.jpg\" \/>\n\n\n\t<img decoding=\"async\" class=\"ms-thumb\" src=\"https:\/\/englishofcourse.fr\/wp-content\/uploads\/2025\/12\/Slide-5-100x80.jpg\" alt=\"\" \/>\n\t<div class=\"ms-thumb\" ><div class=\"ms-tab-context\"><div class=&quot;ms-tab-context&quot;><\/div><\/div>\n<\/div>\n\t\t\t\t<\/div>\n\t\t\t\t<div  class=\"ms-slide\" data-delay=\"3\" data-fill-mode=\"fill\"  >\n\t\t\t\t\t<img decoding=\"async\" src=\"https:\/\/englishofcourse.fr\/wp-content\/plugins\/master-slider\/public\/assets\/css\/blank.gif\" alt=\"\" title=\"\" data-src=\"https:\/\/englishofcourse.fr\/wp-content\/uploads\/2025\/12\/Slide-6.jpg\" \/>\n\n\n\t<img decoding=\"async\" class=\"ms-thumb\" src=\"https:\/\/englishofcourse.fr\/wp-content\/uploads\/2025\/12\/Slide-6-100x80.jpg\" alt=\"\" \/>\n\t<div class=\"ms-thumb\" ><div class=\"ms-tab-context\"><div class=&quot;ms-tab-context&quot;><\/div><\/div>\n<\/div>\n\t\t\t\t<\/div>\n\t\t\t\t<div  class=\"ms-slide\" data-delay=\"3\" data-fill-mode=\"fill\"  >\n\t\t\t\t\t<img decoding=\"async\" src=\"https:\/\/englishofcourse.fr\/wp-content\/plugins\/master-slider\/public\/assets\/css\/blank.gif\" alt=\"\" title=\"\" data-src=\"https:\/\/englishofcourse.fr\/wp-content\/uploads\/2025\/12\/Slide-7.jpg\" \/>\n\n\n\t<img decoding=\"async\" class=\"ms-thumb\" src=\"https:\/\/englishofcourse.fr\/wp-content\/uploads\/2025\/12\/Slide-7-100x80.jpg\" alt=\"\" \/>\n\t<div class=\"ms-thumb\" ><div class=\"ms-tab-context\"><div class=&quot;ms-tab-context&quot;><\/div><\/div>\n<\/div>\n\t\t\t\t<\/div>\n\t\t\t\t<div  class=\"ms-slide\" data-delay=\"3\" data-fill-mode=\"fill\"  >\n\t\t\t\t\t<img decoding=\"async\" src=\"https:\/\/englishofcourse.fr\/wp-content\/plugins\/master-slider\/public\/assets\/css\/blank.gif\" alt=\"\" title=\"\" data-src=\"https:\/\/englishofcourse.fr\/wp-content\/uploads\/2025\/12\/Slide-8.jpg\" \/>\n\n\n\t<img decoding=\"async\" class=\"ms-thumb\" src=\"https:\/\/englishofcourse.fr\/wp-content\/uploads\/2025\/12\/Slide-8-100x80.jpg\" alt=\"\" \/>\n\t<div class=\"ms-thumb\" ><div class=\"ms-tab-context\"><div class=&quot;ms-tab-context&quot;><\/div><\/div>\n<\/div>\n\t\t\t\t<\/div>\n\n\t\t\t<\/div>\n\t\t\t<!-- END MasterSlider Main -->\n\n\t\t\t \n\t\t<\/div>\n\t\t<!-- END MasterSlider -->\n\n\t\t<script>\n\t\t(function ( $ ) {\n\t\t\t\"use strict\";\n\n\t\t\t$(function () {\n\t\t\t\tvar masterslider_b220 = new MasterSlider();\n\n\t\t\t\t\/\/ slider controls\n\t\t\t\tmasterslider_b220.control('arrows'     ,{ autohide:false, overVideo:true  });\t\t\t\tmasterslider_b220.control('bullets'    ,{ autohide:false, overVideo:true, dir:'h', align:'bottom' , margin:10  });\n\n\t\t\t\tmasterslider_b220.control('thumblist'  ,{ autohide:false, overVideo:true, dir:'v', speed:17, inset:false, arrows:false, hover:false, customClass:'', align:'right',type:'thumbs', margin:1, width:100, height:80, space:1, fillMode:'fill'  });\n\t\t\t\tmasterslider_b220.control('scrollbar'  ,{ autohide:true, overVideo:true, dir:'h', inset:true, align:'top', color:'#404040' , margin:10  , width:4 });\n\t\t\t\t\/\/ slider setup\n\t\t\t\tmasterslider_b220.setup(\"MS69dc0548cb220\", {\n\t\t\t\t\t\twidth           : 800,\n\t\t\t\t\t\theight          : 480,\n\t\t\t\t\t\tminHeight       : 0,\n\t\t\t\t\t\tspace           : 0,\n\t\t\t\t\t\tstart           : 1,\n\t\t\t\t\t\tgrabCursor      : false,\n\t\t\t\t\t\tswipe           : false,\n\t\t\t\t\t\tmouse           : false,\n\t\t\t\t\t\tlayout          : \"boxed\",\n\t\t\t\t\t\twheel           : false,\n\t\t\t\t\t\tautoplay        : true,\n\t\t\t\t\t\tinstantStartLayers:false,\n\t\t\t\t\t\tloop            : false,\n\t\t\t\t\t\tshuffle         : false,\n\t\t\t\t\t\tpreload         : 0,\n\t\t\t\t\t\theightLimit     : true,\n\t\t\t\t\t\tautoHeight      : true,\n\t\t\t\t\t\tsmoothHeight    : true,\n\t\t\t\t\t\tendPause        : false,\n\t\t\t\t\t\toverPause       : true,\n\t\t\t\t\t\tfillMode        : \"fill\",\n\t\t\t\t\t\tcenterControls  : false,\n\t\t\t\t\t\tstartOnAppear   : false,\n\t\t\t\t\t\tlayersMode      : \"center\",\n\t\t\t\t\t\thideLayers      : false,\n\t\t\t\t\t\tfullscreenMargin: 0,\n\t\t\t\t\t\tspeed           : 20,\n\t\t\t\t\t\tdir             : \"h\",\n\t\t\t\t\t\tparallaxMode    : 'swipe',\n\t\t\t\t\t\tview            : \"basic\"\n\t\t\t\t});\n\n\t\t\t\t\n\t\t\t\twindow.masterslider_instances = window.masterslider_instances || [];\n\t\t\t\twindow.masterslider_instances.push( masterslider_b220 );\n\t\t\t });\n\n\t\t})(jQuery);\n\t\t<\/script>\n\n\n<\/div>\n<\/div>\n\n\n\n<div class=\"wp-block-media-text alignwide is-stacked-on-mobile\"><figure class=\"wp-block-media-text__media\"><a href=\"https:\/\/englishofcourse.fr\/wp-content\/uploads\/2022\/12\/Logo-Qualiopi.jpg\" target=\"_blank\" rel=\"noopener\"><img loading=\"lazy\" decoding=\"async\" width=\"1068\" height=\"404\" src=\"https:\/\/englishofcourse.fr\/wp-content\/uploads\/2022\/12\/Logo-Qualiopi.jpg\" alt=\"\" class=\"wp-image-3402 size-full\" srcset=\"https:\/\/englishofcourse.fr\/wp-content\/uploads\/2022\/12\/Logo-Qualiopi.jpg 1068w, https:\/\/englishofcourse.fr\/wp-content\/uploads\/2022\/12\/Logo-Qualiopi-300x113.jpg 300w, https:\/\/englishofcourse.fr\/wp-content\/uploads\/2022\/12\/Logo-Qualiopi-1024x387.jpg 1024w, https:\/\/englishofcourse.fr\/wp-content\/uploads\/2022\/12\/Logo-Qualiopi-768x291.jpg 768w, https:\/\/englishofcourse.fr\/wp-content\/uploads\/2022\/12\/Logo-Qualiopi-830x314.jpg 830w, https:\/\/englishofcourse.fr\/wp-content\/uploads\/2022\/12\/Logo-Qualiopi-230x87.jpg 230w, https:\/\/englishofcourse.fr\/wp-content\/uploads\/2022\/12\/Logo-Qualiopi-350x132.jpg 350w, https:\/\/englishofcourse.fr\/wp-content\/uploads\/2022\/12\/Logo-Qualiopi-480x182.jpg 480w\" sizes=\"(max-width: 1068px) 100vw, 1068px\" \/><\/a><\/figure><div class=\"wp-block-media-text__content\">\n<p style=\"font-size:21px\">Organisme de formation certifi\u00e9 par <strong>Afnor Certification.<\/strong> Certificat Disponible <a href=\"https:\/\/englishofcourse.fr\/wp-content\/uploads\/2025\/01\/certificat-english-of-course-724x1024.jpg\" target=\"_blank\" rel=\"noreferrer noopener\">ici<\/a><\/p>\n<\/div><\/div>\n\n\n\n<div class=\"wp-block-group is-layout-flow wp-block-group-is-layout-flow\">\n<div class=\"wp-block-media-text is-stacked-on-mobile\" style=\"grid-template-columns:35% auto\"><figure class=\"wp-block-media-text__media\"><img loading=\"lazy\" decoding=\"async\" width=\"768\" height=\"1024\" src=\"https:\/\/englishofcourse.fr\/wp-content\/uploads\/2025\/12\/IMG_5214-768x1024.jpeg\" alt=\"\" class=\"wp-image-15418 size-full\" srcset=\"https:\/\/englishofcourse.fr\/wp-content\/uploads\/2025\/12\/IMG_5214-768x1024.jpeg 768w, https:\/\/englishofcourse.fr\/wp-content\/uploads\/2025\/12\/IMG_5214-225x300.jpeg 225w, https:\/\/englishofcourse.fr\/wp-content\/uploads\/2025\/12\/IMG_5214-1152x1536.jpeg 1152w, https:\/\/englishofcourse.fr\/wp-content\/uploads\/2025\/12\/IMG_5214-1536x2048.jpeg 1536w, https:\/\/englishofcourse.fr\/wp-content\/uploads\/2025\/12\/IMG_5214-1000x1333.jpeg 1000w, https:\/\/englishofcourse.fr\/wp-content\/uploads\/2025\/12\/IMG_5214-230x307.jpeg 230w, https:\/\/englishofcourse.fr\/wp-content\/uploads\/2025\/12\/IMG_5214-350x467.jpeg 350w, https:\/\/englishofcourse.fr\/wp-content\/uploads\/2025\/12\/IMG_5214-480x640.jpeg 480w, https:\/\/englishofcourse.fr\/wp-content\/uploads\/2025\/12\/IMG_5214-scaled.jpeg 1920w\" sizes=\"(max-width: 768px) 100vw, 768px\" \/><\/figure><div class=\"wp-block-media-text__content\">\n<p><\/p>\n\n\n\n<p><\/p>\n\n\n\n<p style=\"font-size:19px\"><strong>Welcome to English Of Course.<\/strong><\/p>\n\n\n\n<p style=\"font-size:19px\">Let me introduce myself, my name is\u00a0<strong>Thibaud Tourancheau<\/strong> and I have now been teaching for 23 years in schools and in companies.<\/p>\n\n\n\n<p style=\"font-size:19px\">I passed my BA in English in Saint Etienne and then moved to England to work as&nbsp;a French Language Assistant in 2003. I had such a fantastic year in England that I&nbsp;decided to study at Warwick University for a year and qualify as a French and German teacher. I&nbsp;then worked 3 years in two different schools near London. In 2008, I decided to move back to France to teach English in schools and in 2011, I started to work&nbsp;as an English teacher in a training centre to convey&nbsp;my passion for English to professionals. Finally, in August 2016, I founded my Language Training Company: <strong>English Of Course<\/strong>.<\/p>\n<\/div><\/div>\n\n\n\n<p><\/p>\n\n\n\n<p>Bonjour, je m&rsquo;appelle Thibaud Tourancheau et voici mon parcours scolaire et professionnel:<\/p>\n\n\n\n<ul class=\"wp-block-list\">\n<li><strong>Licence Anglais LLCE (langues, litt\u00e9ratures et civilisations \u00e9trang\u00e8res)<\/strong><\/li>\n\n\n\n<li><strong>Dipl\u00f4me PGCE (Postgraduate Certificate in Education) Warwick University.<\/strong> (8\u00e8me universit\u00e9 du Royaume-Uni)<\/li>\n\n\n\n<li><span class=\"s2\">Exp\u00e9rience de 23 ans dans l\u2019enseignement, la formation professionnelle, traduction et interpr\u00e9tariat.\u00a0<\/span><\/li>\n\n\n\n<li>5 ans en Angleterre &#8211; Enseignant en langues \u00e9trang\u00e8res<\/li>\n\n\n\n<li><span style=\"line-height: 1.5;\">3 ans dans l\u2019Education Nationale &#8211; 15 ans Formateur en entreprise<\/span><\/li>\n\n\n\n<li>Exp\u00e9rience dans de nombreux secteurs d\u2019activit\u00e9 (Automobile, Environnement, Chimie, Transport, Ferroviaire, Agro-alimentaire, Grande distribution, Juridique, Finances, Industrie textile)<\/li>\n<\/ul>\n<\/div>\n\n\n\n<figure class=\"wp-block-image size-large\"><img loading=\"lazy\" decoding=\"async\" width=\"724\" height=\"1024\" src=\"https:\/\/englishofcourse.fr\/wp-content\/uploads\/2025\/01\/certificat-english-of-course-724x1024.jpg\" alt=\"\" class=\"wp-image-15383\" srcset=\"https:\/\/englishofcourse.fr\/wp-content\/uploads\/2025\/01\/certificat-english-of-course-724x1024.jpg 724w, https:\/\/englishofcourse.fr\/wp-content\/uploads\/2025\/01\/certificat-english-of-course-212x300.jpg 212w, https:\/\/englishofcourse.fr\/wp-content\/uploads\/2025\/01\/certificat-english-of-course-768x1087.jpg 768w, https:\/\/englishofcourse.fr\/wp-content\/uploads\/2025\/01\/certificat-english-of-course-1086x1536.jpg 1086w, https:\/\/englishofcourse.fr\/wp-content\/uploads\/2025\/01\/certificat-english-of-course-1447x2048.jpg 1447w, https:\/\/englishofcourse.fr\/wp-content\/uploads\/2025\/01\/certificat-english-of-course-1000x1415.jpg 1000w, https:\/\/englishofcourse.fr\/wp-content\/uploads\/2025\/01\/certificat-english-of-course-230x325.jpg 230w, https:\/\/englishofcourse.fr\/wp-content\/uploads\/2025\/01\/certificat-english-of-course-350x495.jpg 350w, https:\/\/englishofcourse.fr\/wp-content\/uploads\/2025\/01\/certificat-english-of-course-480x679.jpg 480w, https:\/\/englishofcourse.fr\/wp-content\/uploads\/2025\/01\/certificat-english-of-course.jpg 1511w\" sizes=\"(max-width: 724px) 100vw, 724px\" \/><\/figure>\n\n\n\n<script defer=\"\" async=\"\" src=\"https:\/\/cdn.trustindex.io\/loader.js?a008c3f27afc5783cb86a288ef4\"><\/script>\n\n\n\n<p class=\"has-text-align-right\"><em><em>derni\u00e8re mise \u00e0 jour: le 02 Janvier 202<\/em><\/em>6<\/p>\n","protected":false},"excerpt":{"rendered":"<p>Statistiques Organisme de formation certifi\u00e9 par Afnor Certification. Certificat Disponible ici Welcome to English Of Course. Let me introduce myself, my name is\u00a0Thibaud Tourancheau and I have now been teaching for 23 years in schools and in companies. I passed my BA in English in Saint Etienne and then moved to England to work as&nbsp;a French Language Assistant in 2003. I had such a fantastic year in England that I&nbsp;decided to study at Warwick University for a year and qualify as a French and German teacher. I&nbsp;then worked 3 years in two different schools near London. In 2008, I decided [&hellip;]<\/p>\n","protected":false},"author":1,"featured_media":0,"parent":0,"menu_order":0,"comment_status":"closed","ping_status":"closed","template":"","meta":{"footnotes":""},"class_list":["post-27","page","type-page","status-publish","hentry"],"jetpack_sharing_enabled":true,"_links":{"self":[{"href":"https:\/\/englishofcourse.fr\/index.php\/wp-json\/wp\/v2\/pages\/27"}],"collection":[{"href":"https:\/\/englishofcourse.fr\/index.php\/wp-json\/wp\/v2\/pages"}],"about":[{"href":"https:\/\/englishofcourse.fr\/index.php\/wp-json\/wp\/v2\/types\/page"}],"author":[{"embeddable":true,"href":"https:\/\/englishofcourse.fr\/index.php\/wp-json\/wp\/v2\/users\/1"}],"replies":[{"embeddable":true,"href":"https:\/\/englishofcourse.fr\/index.php\/wp-json\/wp\/v2\/comments?post=27"}],"version-history":[{"count":51,"href":"https:\/\/englishofcourse.fr\/index.php\/wp-json\/wp\/v2\/pages\/27\/revisions"}],"predecessor-version":[{"id":15468,"href":"https:\/\/englishofcourse.fr\/index.php\/wp-json\/wp\/v2\/pages\/27\/revisions\/15468"}],"wp:attachment":[{"href":"https:\/\/englishofcourse.fr\/index.php\/wp-json\/wp\/v2\/media?parent=27"}],"curies":[{"name":"wp","href":"https:\/\/api.w.org\/{rel}","templated":true}]}}