{"id":2070,"date":"2021-07-04T10:27:20","date_gmt":"2021-07-04T08:27:20","guid":{"rendered":"https:\/\/englishofcourse.fr\/?page_id=2070"},"modified":"2026-01-04T10:44:49","modified_gmt":"2026-01-04T09:44:49","slug":"cpf-2","status":"publish","type":"page","link":"https:\/\/englishofcourse.fr\/index.php\/cpf-2\/","title":{"rendered":"CPF"},"content":{"rendered":"<h2 style=\"text-align: center;\"><a href=\"https:\/\/englishofcourse.fr\/wp-content\/uploads\/2016\/08\/Logo.jpg\"><img loading=\"lazy\" decoding=\"async\" class=\"aligncenter wp-image-4\" src=\"https:\/\/englishofcourse.fr\/wp-content\/uploads\/2016\/08\/Logo.jpg\" alt=\"Logo\" width=\"378\" height=\"112\" srcset=\"https:\/\/englishofcourse.fr\/wp-content\/uploads\/2016\/08\/Logo.jpg 1589w, https:\/\/englishofcourse.fr\/wp-content\/uploads\/2016\/08\/Logo-300x89.jpg 300w, https:\/\/englishofcourse.fr\/wp-content\/uploads\/2016\/08\/Logo-768x227.jpg 768w, https:\/\/englishofcourse.fr\/wp-content\/uploads\/2016\/08\/Logo-1024x303.jpg 1024w, https:\/\/englishofcourse.fr\/wp-content\/uploads\/2016\/08\/Logo-1200x355.jpg 1200w\" sizes=\"(max-width: 378px) 100vw, 378px\" \/><\/a><\/h2>\n<h2 style=\"text-align: center;\">Compte Personnel de Formation<\/h2>\n<p>English Of Course vous accompagne dans vos d\u00e9marches de formation.<\/p>\n<p>Nous nous occupons de tout apr\u00e8s avoir fait <span style=\"color: #0000ff;\"><a style=\"color: #0000ff;\" href=\"https:\/\/englishofcourse.fr\/index.php\/needs-analysis\/\" target=\"_blank\" rel=\"noopener\">un diagnostic des besoins<\/a><\/span> et une \u00e9valuation initiale de votre niveau \u00e0 l&rsquo;aide de plusieurs tests:<\/p>\n<ul>\n<li>Compr\u00e9hension \u00e9crite (texte et questions)<\/li>\n<li>Compr\u00e9hension orale (fichier audio court et questions)<\/li>\n<li>Test de grammaire<\/li>\n<li>Evaluation Orale (Questions diverses)<\/li>\n<\/ul>\n<p>Les catalogues formations sont disponibles ci dessous:<\/p>\n<p><span style=\"color: #0000ff;\"><a style=\"color: #0000ff;\" href=\"https:\/\/englishofcourse.fr\/index.php\/perfectionnement-anglais\/\" target=\"_blank\" rel=\"noopener\">Perfectionnement Anglais <\/a><\/span><\/p>\n<p><span style=\"color: #0000ff;\"><a style=\"color: #0000ff;\" href=\"https:\/\/englishofcourse.fr\/index.php\/catalogue-formations\/formations-english360\/\" target=\"_blank\" rel=\"noopener\">English 360 \u00b0<\/a><\/span><\/p>\n<p>A la suite de ces tests, nous travaillerons ensemble pour \u00e9tablir <span style=\"text-decoration: underline;\"><strong>votre programme de formation 100% personnalis\u00e9<\/strong><\/span> en fonctions de vos besoins professionnels et vos demandes sp\u00e9cifiques (accents, mise en situations). Nous d\u00e9finirons le test final qui vous convient le mieux ainsi que la dur\u00e9e de formation pour atteindre un niveau qui vous permettra d&rsquo;\u00eatre autonome \u00e0 votre poste de travail.<\/p>\n<p>N&rsquo;oubliez pas que vous n&rsquo;avez pas besoin de l&rsquo;accord de votre employeur pour suivre une formation, et que vous ne financerez pas personnellement votre formation.<\/p>\n<p>Vous cumulez dor\u00e9navant 500 euros par an .<\/p>\n<p>English Of Course peut vous aider avec votre compte personnel de formation ainsi que de vous fournir tous les documents n\u00e9cessaires pour le financement de votre formation.<\/p>\n<p>Comment cr\u00e9er votre identit\u00e9 num\u00e9rique &#8212;-&gt; \u00a0<a href=\"https:\/\/lidentitenumerique.laposte.fr\" target=\"_blank\" rel=\"noopener\"><span style=\"color: #3366ff;\">https:\/\/lidentitenumerique.laposte.fr\/<\/span><\/a>\u00a0<\/p>\n<p>Pour vous aider \u00e0 vous inscrire \u00e0 votre action de formation, vous pouvez t\u00e9l\u00e9charger le guide inscription en suivant ce <strong><span style=\"color: #0000ff;\"><a style=\"color: #0000ff;\" href=\"https:\/\/englishofcourse.fr\/wp-content\/uploads\/2023\/01\/Guide-Inscription-Action-de-Formation-CPF-12_11_22.pdf\" target=\"_blank\" rel=\"noopener\">lien<\/a>\u00a0ou<\/span><\/strong> en suivant ces vid\u00e9os:<\/p>\n<p><span style=\"text-decoration: underline;\"><strong>Cr\u00e9er son identit\u00e9 num\u00e9rique: guide PDF <a href=\"https:\/\/englishofcourse.fr\/wp-content\/uploads\/2023\/01\/Guide-inscription-CPF-France-Connect.pdf\" target=\"_blank\" rel=\"noopener\">ici<\/a><\/strong><\/span><\/p>\n<p><iframe loading=\"lazy\" title=\"Comment cr\u00e9er son Identit\u00e9 Num\u00e9rique en ligne ?\" width=\"1170\" height=\"658\" src=\"https:\/\/www.youtube.com\/embed\/ouCiUWhMtcM?start=4&#038;feature=oembed\" frameborder=\"0\" allow=\"accelerometer; autoplay; clipboard-write; encrypted-media; gyroscope; picture-in-picture; web-share\" allowfullscreen><\/iframe><\/p>\n<p>cr\u00e9dits:\u00a0Gazouyi Pro.\u00a0Site:\u00a0<a href=\"https:\/\/www.pro.gazouyi.com\/\">https:\/\/www.pro.gazouyi.com\/<\/a>\u00a0<\/p>\n<p><span style=\"text-decoration: underline;\"><strong>Cr\u00e9ation du dossier de formation:<\/strong><\/span><\/p>\n<p><iframe loading=\"lazy\" title=\"Cre\u0301ation Dossier Formation   Plateforme Mon Compte Formation\" width=\"1170\" height=\"658\" src=\"https:\/\/www.youtube.com\/embed\/suIyQBLl8vA?feature=oembed\" frameborder=\"0\" allow=\"accelerometer; autoplay; clipboard-write; encrypted-media; gyroscope; picture-in-picture; web-share\" allowfullscreen><\/iframe><\/p>\n<p><b>Toutes nos formations peuvent \u00eatre suivies soit en\u00a0<\/b><span style=\"font-weight: 600;\">pr\u00e9sentiel, \u00e0 distance ou sur un format mixte (pr\u00e9sentiel et \u00e0\u00a0distance). La formation peut \u00eatre r\u00e9alis\u00e9 en face \u00e0 face ou en groupe selon votre budget.\u00a0<\/span><\/p>\n<p>Vous n&rsquo;avez rien \u00e0 faire si ce n&rsquo;est contacter English Of Course.<\/p>\n<p>So what are you waiting for?\u00a0<\/p>\n<p style=\"text-align: center;\">Si votre\u00a0situation n\u00e9cessite des am\u00e9nagements particuliers, veuillez suivre <span style=\"color: #0000ff;\"><a style=\"color: #0000ff;\" href=\"https:\/\/englishofcourse.fr\/index.php\/ressources-handicap\/\" target=\"_blank\" rel=\"noopener\">ce lien<\/a><\/span> ou<span style=\"color: #0000ff;\">\u00a0<a style=\"color: #0000ff;\" href=\"mailto:contact@englishofcourse.fr\" target=\"_blank\" rel=\"noreferrer noopener\">nous contacter par mail<\/a><\/span><\/p>\n<p style=\"text-align: center;\">Si vous avez besoin d&rsquo;aide ou des informations compl\u00e9mentaires, \u00a0<a href=\"mailto:contact@englishofcourse.fr\" target=\"_blank\" rel=\"noreferrer noopener\">contactez nous<\/a><\/p>\n\n\n<p class=\"has-text-align-right\"><em>derni\u00e8re mise \u00e0 jour le 30\/12\/202<\/em>4<\/p>\n","protected":false},"excerpt":{"rendered":"<p>Compte Personnel de Formation English Of Course vous accompagne dans vos d\u00e9marches de formation. Nous nous occupons de tout apr\u00e8s avoir fait un diagnostic des besoins et une \u00e9valuation initiale de votre niveau \u00e0 l&rsquo;aide de plusieurs tests: Compr\u00e9hension \u00e9crite (texte et questions) Compr\u00e9hension orale (fichier audio court et questions) Test de grammaire Evaluation Orale (Questions diverses) Les catalogues formations sont disponibles ci dessous: Perfectionnement Anglais English 360 \u00b0 A la suite de ces tests, nous travaillerons ensemble pour \u00e9tablir votre programme de formation 100% personnalis\u00e9 en fonctions de vos besoins professionnels et vos demandes sp\u00e9cifiques (accents, mise en situations). [&hellip;]<\/p>\n","protected":false},"author":1,"featured_media":0,"parent":0,"menu_order":0,"comment_status":"closed","ping_status":"closed","template":"","meta":{"footnotes":""},"class_list":["post-2070","page","type-page","status-publish","hentry"],"jetpack_sharing_enabled":true,"_links":{"self":[{"href":"https:\/\/englishofcourse.fr\/index.php\/wp-json\/wp\/v2\/pages\/2070"}],"collection":[{"href":"https:\/\/englishofcourse.fr\/index.php\/wp-json\/wp\/v2\/pages"}],"about":[{"href":"https:\/\/englishofcourse.fr\/index.php\/wp-json\/wp\/v2\/types\/page"}],"author":[{"embeddable":true,"href":"https:\/\/englishofcourse.fr\/index.php\/wp-json\/wp\/v2\/users\/1"}],"replies":[{"embeddable":true,"href":"https:\/\/englishofcourse.fr\/index.php\/wp-json\/wp\/v2\/comments?post=2070"}],"version-history":[{"count":18,"href":"https:\/\/englishofcourse.fr\/index.php\/wp-json\/wp\/v2\/pages\/2070\/revisions"}],"predecessor-version":[{"id":15470,"href":"https:\/\/englishofcourse.fr\/index.php\/wp-json\/wp\/v2\/pages\/2070\/revisions\/15470"}],"wp:attachment":[{"href":"https:\/\/englishofcourse.fr\/index.php\/wp-json\/wp\/v2\/media?parent=2070"}],"curies":[{"name":"wp","href":"https:\/\/api.w.org\/{rel}","templated":true}]}}