{"id":2054,"date":"2021-07-03T19:30:28","date_gmt":"2021-07-03T17:30:28","guid":{"rendered":"https:\/\/englishofcourse.fr\/?page_id=2054"},"modified":"2021-07-03T19:33:13","modified_gmt":"2021-07-03T17:33:13","slug":"satisfaction-2021","status":"publish","type":"page","link":"https:\/\/englishofcourse.fr\/index.php\/votre-satisfaction\/satisfaction-2021\/","title":{"rendered":"Satisfaction 2021"},"content":{"rendered":"<h4 class=\"has-text-align-center has-black-color has-text-color\">R\u00e9sultats des questionnaires de satisfaction des stagiaires de English Of Course en 2021 (38 personnes)<\/h4>\n<div id='gallery-1' class='gallery galleryid-2054 gallery-columns-2 gallery-size-full'><figure class='gallery-item'>\n\t\t\t<div class='gallery-icon landscape'>\n\t\t\t\t<a href='https:\/\/englishofcourse.fr\/index.php\/votre-satisfaction\/satisfaction-2021\/slide-1-2\/'><img loading=\"lazy\" decoding=\"async\" width=\"986\" height=\"612\" src=\"https:\/\/englishofcourse.fr\/wp-content\/uploads\/2021\/07\/Slide-1-1.jpg\" class=\"attachment-full size-full\" alt=\"\" srcset=\"https:\/\/englishofcourse.fr\/wp-content\/uploads\/2021\/07\/Slide-1-1.jpg 986w, https:\/\/englishofcourse.fr\/wp-content\/uploads\/2021\/07\/Slide-1-1-300x186.jpg 300w, https:\/\/englishofcourse.fr\/wp-content\/uploads\/2021\/07\/Slide-1-1-768x477.jpg 768w, https:\/\/englishofcourse.fr\/wp-content\/uploads\/2021\/07\/Slide-1-1-830x515.jpg 830w, https:\/\/englishofcourse.fr\/wp-content\/uploads\/2021\/07\/Slide-1-1-230x143.jpg 230w, https:\/\/englishofcourse.fr\/wp-content\/uploads\/2021\/07\/Slide-1-1-350x217.jpg 350w, https:\/\/englishofcourse.fr\/wp-content\/uploads\/2021\/07\/Slide-1-1-480x298.jpg 480w\" sizes=\"(max-width: 986px) 100vw, 986px\" \/><\/a>\n\t\t\t<\/div><\/figure><figure class='gallery-item'>\n\t\t\t<div class='gallery-icon landscape'>\n\t\t\t\t<a href='https:\/\/englishofcourse.fr\/index.php\/votre-satisfaction\/satisfaction-2021\/slide-5\/'><img loading=\"lazy\" decoding=\"async\" width=\"898\" height=\"584\" src=\"https:\/\/englishofcourse.fr\/wp-content\/uploads\/2021\/07\/Slide-5.jpg\" class=\"attachment-full size-full\" alt=\"\" srcset=\"https:\/\/englishofcourse.fr\/wp-content\/uploads\/2021\/07\/Slide-5.jpg 898w, https:\/\/englishofcourse.fr\/wp-content\/uploads\/2021\/07\/Slide-5-300x195.jpg 300w, https:\/\/englishofcourse.fr\/wp-content\/uploads\/2021\/07\/Slide-5-768x499.jpg 768w, https:\/\/englishofcourse.fr\/wp-content\/uploads\/2021\/07\/Slide-5-830x540.jpg 830w, https:\/\/englishofcourse.fr\/wp-content\/uploads\/2021\/07\/Slide-5-230x150.jpg 230w, https:\/\/englishofcourse.fr\/wp-content\/uploads\/2021\/07\/Slide-5-350x228.jpg 350w, https:\/\/englishofcourse.fr\/wp-content\/uploads\/2021\/07\/Slide-5-480x312.jpg 480w\" sizes=\"(max-width: 898px) 100vw, 898px\" \/><\/a>\n\t\t\t<\/div><\/figure><figure class='gallery-item'>\n\t\t\t<div class='gallery-icon landscape'>\n\t\t\t\t<a href='https:\/\/englishofcourse.fr\/index.php\/votre-satisfaction\/satisfaction-2021\/slide-2\/'><img loading=\"lazy\" decoding=\"async\" width=\"984\" height=\"600\" src=\"https:\/\/englishofcourse.fr\/wp-content\/uploads\/2021\/07\/Slide-2.jpg\" class=\"attachment-full size-full\" alt=\"\" srcset=\"https:\/\/englishofcourse.fr\/wp-content\/uploads\/2021\/07\/Slide-2.jpg 984w, https:\/\/englishofcourse.fr\/wp-content\/uploads\/2021\/07\/Slide-2-300x183.jpg 300w, https:\/\/englishofcourse.fr\/wp-content\/uploads\/2021\/07\/Slide-2-768x468.jpg 768w, https:\/\/englishofcourse.fr\/wp-content\/uploads\/2021\/07\/Slide-2-830x506.jpg 830w, https:\/\/englishofcourse.fr\/wp-content\/uploads\/2021\/07\/Slide-2-230x140.jpg 230w, https:\/\/englishofcourse.fr\/wp-content\/uploads\/2021\/07\/Slide-2-350x213.jpg 350w, https:\/\/englishofcourse.fr\/wp-content\/uploads\/2021\/07\/Slide-2-480x293.jpg 480w\" sizes=\"(max-width: 984px) 100vw, 984px\" \/><\/a>\n\t\t\t<\/div><\/figure><figure class='gallery-item'>\n\t\t\t<div class='gallery-icon landscape'>\n\t\t\t\t<a href='https:\/\/englishofcourse.fr\/index.php\/votre-satisfaction\/satisfaction-2021\/slide-4\/'><img loading=\"lazy\" decoding=\"async\" width=\"1020\" height=\"610\" src=\"https:\/\/englishofcourse.fr\/wp-content\/uploads\/2021\/07\/Slide-4.jpg\" class=\"attachment-full size-full\" alt=\"\" srcset=\"https:\/\/englishofcourse.fr\/wp-content\/uploads\/2021\/07\/Slide-4.jpg 1020w, https:\/\/englishofcourse.fr\/wp-content\/uploads\/2021\/07\/Slide-4-300x179.jpg 300w, https:\/\/englishofcourse.fr\/wp-content\/uploads\/2021\/07\/Slide-4-768x459.jpg 768w, https:\/\/englishofcourse.fr\/wp-content\/uploads\/2021\/07\/Slide-4-830x496.jpg 830w, https:\/\/englishofcourse.fr\/wp-content\/uploads\/2021\/07\/Slide-4-230x138.jpg 230w, https:\/\/englishofcourse.fr\/wp-content\/uploads\/2021\/07\/Slide-4-350x209.jpg 350w, https:\/\/englishofcourse.fr\/wp-content\/uploads\/2021\/07\/Slide-4-480x287.jpg 480w\" sizes=\"(max-width: 1020px) 100vw, 1020px\" \/><\/a>\n\t\t\t<\/div><\/figure><figure class='gallery-item'>\n\t\t\t<div class='gallery-icon landscape'>\n\t\t\t\t<a href='https:\/\/englishofcourse.fr\/index.php\/votre-satisfaction\/satisfaction-2021\/slide-3\/'><img loading=\"lazy\" decoding=\"async\" width=\"908\" height=\"646\" src=\"https:\/\/englishofcourse.fr\/wp-content\/uploads\/2021\/07\/Slide-3.jpg\" class=\"attachment-full size-full\" alt=\"\" srcset=\"https:\/\/englishofcourse.fr\/wp-content\/uploads\/2021\/07\/Slide-3.jpg 908w, https:\/\/englishofcourse.fr\/wp-content\/uploads\/2021\/07\/Slide-3-300x213.jpg 300w, https:\/\/englishofcourse.fr\/wp-content\/uploads\/2021\/07\/Slide-3-768x546.jpg 768w, https:\/\/englishofcourse.fr\/wp-content\/uploads\/2021\/07\/Slide-3-830x591.jpg 830w, https:\/\/englishofcourse.fr\/wp-content\/uploads\/2021\/07\/Slide-3-230x164.jpg 230w, https:\/\/englishofcourse.fr\/wp-content\/uploads\/2021\/07\/Slide-3-350x249.jpg 350w, https:\/\/englishofcourse.fr\/wp-content\/uploads\/2021\/07\/Slide-3-480x341.jpg 480w\" sizes=\"(max-width: 908px) 100vw, 908px\" \/><\/a>\n\t\t\t<\/div><\/figure><figure class='gallery-item'>\n\t\t\t<div class='gallery-icon landscape'>\n\t\t\t\t<a href='https:\/\/englishofcourse.fr\/index.php\/votre-satisfaction\/satisfaction-2021\/slide-6\/'><img loading=\"lazy\" decoding=\"async\" width=\"940\" height=\"614\" src=\"https:\/\/englishofcourse.fr\/wp-content\/uploads\/2021\/07\/Slide-6.jpg\" class=\"attachment-full size-full\" alt=\"\" srcset=\"https:\/\/englishofcourse.fr\/wp-content\/uploads\/2021\/07\/Slide-6.jpg 940w, https:\/\/englishofcourse.fr\/wp-content\/uploads\/2021\/07\/Slide-6-300x196.jpg 300w, https:\/\/englishofcourse.fr\/wp-content\/uploads\/2021\/07\/Slide-6-768x502.jpg 768w, https:\/\/englishofcourse.fr\/wp-content\/uploads\/2021\/07\/Slide-6-830x542.jpg 830w, https:\/\/englishofcourse.fr\/wp-content\/uploads\/2021\/07\/Slide-6-230x150.jpg 230w, https:\/\/englishofcourse.fr\/wp-content\/uploads\/2021\/07\/Slide-6-350x229.jpg 350w, https:\/\/englishofcourse.fr\/wp-content\/uploads\/2021\/07\/Slide-6-480x314.jpg 480w\" sizes=\"(max-width: 940px) 100vw, 940px\" \/><\/a>\n\t\t\t<\/div><\/figure><figure class='gallery-item'>\n\t\t\t<div class='gallery-icon landscape'>\n\t\t\t\t<a href='https:\/\/englishofcourse.fr\/index.php\/votre-satisfaction\/satisfaction-2021\/slide-7\/'><img loading=\"lazy\" decoding=\"async\" width=\"886\" height=\"614\" src=\"https:\/\/englishofcourse.fr\/wp-content\/uploads\/2021\/07\/Slide-7.jpg\" class=\"attachment-full size-full\" alt=\"\" srcset=\"https:\/\/englishofcourse.fr\/wp-content\/uploads\/2021\/07\/Slide-7.jpg 886w, https:\/\/englishofcourse.fr\/wp-content\/uploads\/2021\/07\/Slide-7-300x208.jpg 300w, https:\/\/englishofcourse.fr\/wp-content\/uploads\/2021\/07\/Slide-7-768x532.jpg 768w, https:\/\/englishofcourse.fr\/wp-content\/uploads\/2021\/07\/Slide-7-830x575.jpg 830w, https:\/\/englishofcourse.fr\/wp-content\/uploads\/2021\/07\/Slide-7-230x159.jpg 230w, https:\/\/englishofcourse.fr\/wp-content\/uploads\/2021\/07\/Slide-7-350x243.jpg 350w, https:\/\/englishofcourse.fr\/wp-content\/uploads\/2021\/07\/Slide-7-480x333.jpg 480w\" sizes=\"(max-width: 886px) 100vw, 886px\" \/><\/a>\n\t\t\t<\/div><\/figure><figure class='gallery-item'>\n\t\t\t<div class='gallery-icon landscape'>\n\t\t\t\t<a href='https:\/\/englishofcourse.fr\/index.php\/votre-satisfaction\/satisfaction-2021\/slide-8\/'><img loading=\"lazy\" decoding=\"async\" width=\"832\" height=\"624\" src=\"https:\/\/englishofcourse.fr\/wp-content\/uploads\/2021\/07\/Slide-8.jpg\" class=\"attachment-full size-full\" alt=\"\" srcset=\"https:\/\/englishofcourse.fr\/wp-content\/uploads\/2021\/07\/Slide-8.jpg 832w, https:\/\/englishofcourse.fr\/wp-content\/uploads\/2021\/07\/Slide-8-300x225.jpg 300w, https:\/\/englishofcourse.fr\/wp-content\/uploads\/2021\/07\/Slide-8-768x576.jpg 768w, https:\/\/englishofcourse.fr\/wp-content\/uploads\/2021\/07\/Slide-8-830x623.jpg 830w, https:\/\/englishofcourse.fr\/wp-content\/uploads\/2021\/07\/Slide-8-230x173.jpg 230w, https:\/\/englishofcourse.fr\/wp-content\/uploads\/2021\/07\/Slide-8-350x263.jpg 350w, https:\/\/englishofcourse.fr\/wp-content\/uploads\/2021\/07\/Slide-8-480x360.jpg 480w\" sizes=\"(max-width: 832px) 100vw, 832px\" \/><\/a>\n\t\t\t<\/div><\/figure>\n\t\t<\/div>\n\n\n\n<p class=\"has-text-align-right\"><em>Derni\u00e8re mise \u00e0 jour 03\/07\/2021<\/em><\/p>\n","protected":false},"excerpt":{"rendered":"<p>R\u00e9sultats des questionnaires de satisfaction des stagiaires de English Of Course en 2021 (38 personnes) Derni\u00e8re mise \u00e0 jour 03\/07\/2021<\/p>\n","protected":false},"author":1,"featured_media":0,"parent":896,"menu_order":0,"comment_status":"closed","ping_status":"closed","template":"","meta":{"footnotes":""},"class_list":["post-2054","page","type-page","status-publish","hentry"],"jetpack_sharing_enabled":true,"_links":{"self":[{"href":"https:\/\/englishofcourse.fr\/index.php\/wp-json\/wp\/v2\/pages\/2054"}],"collection":[{"href":"https:\/\/englishofcourse.fr\/index.php\/wp-json\/wp\/v2\/pages"}],"about":[{"href":"https:\/\/englishofcourse.fr\/index.php\/wp-json\/wp\/v2\/types\/page"}],"author":[{"embeddable":true,"href":"https:\/\/englishofcourse.fr\/index.php\/wp-json\/wp\/v2\/users\/1"}],"replies":[{"embeddable":true,"href":"https:\/\/englishofcourse.fr\/index.php\/wp-json\/wp\/v2\/comments?post=2054"}],"version-history":[{"count":4,"href":"https:\/\/englishofcourse.fr\/index.php\/wp-json\/wp\/v2\/pages\/2054\/revisions"}],"predecessor-version":[{"id":2069,"href":"https:\/\/englishofcourse.fr\/index.php\/wp-json\/wp\/v2\/pages\/2054\/revisions\/2069"}],"up":[{"embeddable":true,"href":"https:\/\/englishofcourse.fr\/index.php\/wp-json\/wp\/v2\/pages\/896"}],"wp:attachment":[{"href":"https:\/\/englishofcourse.fr\/index.php\/wp-json\/wp\/v2\/media?parent=2054"}],"curies":[{"name":"wp","href":"https:\/\/api.w.org\/{rel}","templated":true}]}}