{"id":2024,"date":"2021-07-02T18:29:00","date_gmt":"2021-07-02T16:29:00","guid":{"rendered":"https:\/\/englishofcourse.fr\/?page_id=2024"},"modified":"2025-12-03T09:44:50","modified_gmt":"2025-12-03T08:44:50","slug":"ressources-handicap","status":"publish","type":"page","link":"https:\/\/englishofcourse.fr\/index.php\/ressources-handicap\/","title":{"rendered":"Ressources Handicap"},"content":{"rendered":"<h3 style=\"text-align: center;\">Lien vers les organismes accompagnant les personnes en situation de handicap<\/h3>\n<p>Nous sommes heureux de pouvoir d&rsquo;accompagner et accueillir les personnes en situation de handicap gr\u00e2ce aux organismes ci dessous. Notre mission est de donner acc\u00e8s \u00e0 nos formations \u00e0 tout le monde et d&rsquo;\u00eatre le plus inclusif possible.<\/p>\n<p>English Of Course est membre de la plateforme Ressource Handicap Formation R\u00e9gion ARA qui propose:<\/p>\n<ul>\n<li><strong>de co-construire des solutions d&rsquo;am\u00e9nagement des parcours de formation<\/strong>\u00a0(en amont d&rsquo;une entr\u00e9e en formation)<\/li>\n<li><strong>d&rsquo;accompagner les acteurs de la formation\u00a0<\/strong>\u00e0 mieux r\u00e9pondre \u00e0 leurs obligations en termes d&rsquo;accessibilit\u00e9 et de compensation du handicap<\/li>\n<\/ul>\n<p>Thibaud Tourancheau vous accompagnera avec son \u00e9quipe durant toute la formation.<\/p>\n<p>En Auvergne Rh\u00f4ne-Alpes, les organismes qui vous accompagnent dans vos projets de formation sont:<\/p>\n<ul>\n<li>Loire (42) <strong><span style=\"color: #0000ff;\"><a style=\"color: #0000ff;\" href=\"https:\/\/www.capemploi-42.com\" target=\"_blank\" rel=\"noopener\">CAP EMPLOI LOIRE<\/a><\/span><\/strong><\/li>\n<li>Haute- Loire (43) <strong><span style=\"color: #0000ff;\"><a style=\"color: #0000ff;\" href=\"https:\/\/www.capemploi-43.com\" target=\"_blank\" rel=\"noopener\">CAP EMPLOI HAUTE LOIRE<\/a><\/span><\/strong><\/li>\n<li>Rh\u00f4ne (69) <span style=\"color: #0000ff;\"><strong><a style=\"color: #0000ff;\" href=\"https:\/\/www.capemploi-69.com\" target=\"_blank\" rel=\"noopener\">CAP EMPLOI RH\u00d4NE<\/a><\/strong><\/span><\/li>\n<\/ul>\n<p><strong><span style=\"color: #0000ff;\"><a style=\"color: #0000ff;\" href=\"https:\/\/englishofcourse.fr\/wp-content\/uploads\/2021\/07\/Coordonnees-Prestataires-ARA-PAS-HA-HV-HMo.pdf\">Coordonn\u00e9es Prestataires Auvergne Rh\u00f4ne Alpes &#8211; PAS HA HV HMo<\/a><\/span><\/strong>\u00a0(<i>Handicaps<\/i> <i>Visuel<\/i> <i>et<\/i> <i>Auditif)<\/i><\/p>\n<p><span style=\"color: #0000ff;\"><strong><a style=\"color: #0000ff;\" href=\"https:\/\/englishofcourse.fr\/wp-content\/uploads\/2021\/07\/Coordonnees-Prestataires-ARA-PAS-HP-HM-TCo.pdf\">Coordonn\u00e9es Prestataires Auvergne Rh\u00f4ne Alpes &#8211; PAS HP HM TCo<\/a><\/strong><\/span>\u00a0(<i>Handicaps<\/i> <i>Psychique,<\/i> <i>Mental,<\/i> <i>Troubles<\/i> <i>cognitif<\/i>s)<\/p>\n<p>Dans le cadre du Financement, l&rsquo;organisme qui peut financer votre formation\u00a0sous conditions est <span style=\"color: #0000ff;\"><strong><a style=\"color: #0000ff;\" href=\"https:\/\/www.agefiph.fr\" target=\"_blank\" rel=\"noopener\">l&rsquo;AGEFIPH<\/a><\/strong><\/span><\/p>\n<p>Voici le recensement des aides pour les personnes en situation de handicap mis \u00e0 jour le 21\/07\/2022, pour d\u00e9couvrir la documentation cliquer<span style=\"color: #0000ff;\"><strong> <a style=\"color: #0000ff;\" href=\"https:\/\/code.travail.gouv.fr\/fiche-ministere-travail\/les-aides-de-lagefiph?fbclid=IwAR38yrDOpux62b97rUc0Odz3IId4etdKO3RaQxQb2F9bG7cE3d9A_3ERAjs\" target=\"_blank\" rel=\"noopener\">ici<\/a><\/strong><\/span><\/p>\n<p>Si vous avez d&rsquo;autres questions, je vous invite \u00e0 me contacter par <span style=\"color: #0000ff;\"><strong><a style=\"color: #0000ff;\" href=\"mailto:thibaud@englishofcourse.fr\" target=\"_blank\" rel=\"noopener\">email.<\/a><\/strong><\/span><\/p>\n<p style=\"text-align: right;\"><em>mis \u00e0 jour le 15\/02\/2025<\/em><\/p>\n","protected":false},"excerpt":{"rendered":"<p>Lien vers les organismes accompagnant les personnes en situation de handicap Nous sommes heureux de pouvoir d&rsquo;accompagner et accueillir les personnes en situation de handicap gr\u00e2ce aux organismes ci dessous. Notre mission est de donner acc\u00e8s \u00e0 nos formations \u00e0 tout le monde et d&rsquo;\u00eatre le plus inclusif possible. English Of Course est membre de la plateforme Ressource Handicap Formation R\u00e9gion ARA qui propose: de co-construire des solutions d&rsquo;am\u00e9nagement des parcours de formation\u00a0(en amont d&rsquo;une entr\u00e9e en formation) d&rsquo;accompagner les acteurs de la formation\u00a0\u00e0 mieux r\u00e9pondre \u00e0 leurs obligations en termes d&rsquo;accessibilit\u00e9 et de compensation du handicap Thibaud Tourancheau vous [&hellip;]<\/p>\n","protected":false},"author":1,"featured_media":0,"parent":0,"menu_order":0,"comment_status":"closed","ping_status":"closed","template":"","meta":{"footnotes":""},"class_list":["post-2024","page","type-page","status-publish","hentry"],"jetpack_sharing_enabled":true,"_links":{"self":[{"href":"https:\/\/englishofcourse.fr\/index.php\/wp-json\/wp\/v2\/pages\/2024"}],"collection":[{"href":"https:\/\/englishofcourse.fr\/index.php\/wp-json\/wp\/v2\/pages"}],"about":[{"href":"https:\/\/englishofcourse.fr\/index.php\/wp-json\/wp\/v2\/types\/page"}],"author":[{"embeddable":true,"href":"https:\/\/englishofcourse.fr\/index.php\/wp-json\/wp\/v2\/users\/1"}],"replies":[{"embeddable":true,"href":"https:\/\/englishofcourse.fr\/index.php\/wp-json\/wp\/v2\/comments?post=2024"}],"version-history":[{"count":19,"href":"https:\/\/englishofcourse.fr\/index.php\/wp-json\/wp\/v2\/pages\/2024\/revisions"}],"predecessor-version":[{"id":15415,"href":"https:\/\/englishofcourse.fr\/index.php\/wp-json\/wp\/v2\/pages\/2024\/revisions\/15415"}],"wp:attachment":[{"href":"https:\/\/englishofcourse.fr\/index.php\/wp-json\/wp\/v2\/media?parent=2024"}],"curies":[{"name":"wp","href":"https:\/\/api.w.org\/{rel}","templated":true}]}}