{"id":1983,"date":"2021-06-30T15:46:49","date_gmt":"2021-06-30T13:46:49","guid":{"rendered":"https:\/\/englishofcourse.fr\/?page_id=1983"},"modified":"2021-06-30T16:02:40","modified_gmt":"2021-06-30T14:02:40","slug":"droit-de-retractation","status":"publish","type":"page","link":"https:\/\/englishofcourse.fr\/index.php\/droit-de-retractation\/","title":{"rendered":"Droit de r\u00e9tractation"},"content":{"rendered":"<p>Conform\u00e9ment \u00e0 l\u2019article L6353-3 du code du travail et \u00e0 l\u2019article L 121-16 du code de la consommation, vous avez le droit de vous r\u00e9tracter de votre contrat de formation, apr\u00e8s signature de votre part,<\/p>\n<p>Il faut consid\u00e9rer qu\u2019il existe deux d\u00e9lais de r\u00e9tractation distincts :<\/p>\n<p>\u2022 un d\u00e9lai de r\u00e9tractation de 10 jours (article L6353-5 du Code du travail) pour les contrats n\u2019\u00e9tant ni conclus \u00ab \u00e0 distance \u00bb ni conclus \u00ab hors \u00e9tablissement \u00bb ;<br \/>\n\u2022 un d\u00e9lai de r\u00e9tractation de 14 jours (article L121-16 du Code de la consommation) pour les contrats conclus \u00ab \u00e0 distance \u00bb et les contrats conclus \u00ab hors \u00e9tablissement \u00bb.<\/p>\n<div class=\"table__wrapper\">\n<table>\n<tbody>\n<tr class=\"row_even\">\n<td><\/td>\n<td><strong>Contrats NON CONCLUS \u00e0 distance ou hors \u00e9tablissement<\/strong><\/td>\n<td><strong>Contrats CONCLUS \u00e0 distance ou hors \u00e9tablissement<\/strong><\/td>\n<\/tr>\n<tr class=\"row_odd\">\n<td><strong>D\u00e9lai de r\u00e9tractation applicable<\/strong><\/td>\n<td>10 jours<\/td>\n<td>14 jours<\/td>\n<\/tr>\n<tr class=\"row_even\">\n<td><strong>Point de d\u00e9part du d\u00e9lai<\/strong><\/td>\n<td>Jour de la conclusion du contrat<\/td>\n<td>Jour de la conclusion du contrat<\/td>\n<\/tr>\n<\/tbody>\n<\/table>\n<\/div>\n<p><em>Concernant les heures CPF mobilis\u00e9es via l\u2019application \u00ab moncompteformation \u00bb (https:\/\/www.mon-compte-formation.fr) les <a href=\"https:\/\/www.moncompteformation.gouv.fr\/espace-public\/conditions-generales-dutilisation\">conditions g\u00e9n\u00e9rales d\u2019utilisation de l\u2019application<\/a> se substituent \u00e0 celles de English Of Course.<\/em><\/p>\n<p>Dans le cas o\u00f9 vous souhaiteriez exercer votre droit de r\u00e9tractation, veuillez t\u00e9l\u00e9charger le document suivant: <a href=\"https:\/\/englishofcourse.fr\/wp-content\/uploads\/2021\/06\/Formulaire-de-retractation-21-06.doc\" target=\"_blank\" rel=\"noopener\">Formulaire de r\u00e9tractation<\/a><\/p>\n","protected":false},"excerpt":{"rendered":"<p>Conform\u00e9ment \u00e0 l\u2019article L6353-3 du code du travail et \u00e0 l\u2019article L 121-16 du code de la consommation, vous avez le droit de vous r\u00e9tracter de votre contrat de formation, apr\u00e8s signature de votre part, Il faut consid\u00e9rer qu\u2019il existe deux d\u00e9lais de r\u00e9tractation distincts : \u2022 un d\u00e9lai de r\u00e9tractation de 10 jours (article L6353-5 du Code du travail) pour les contrats n\u2019\u00e9tant ni conclus \u00ab \u00e0 distance \u00bb ni conclus \u00ab hors \u00e9tablissement \u00bb ; \u2022 un d\u00e9lai de r\u00e9tractation de 14 jours (article L121-16 du Code de la consommation) pour les contrats conclus \u00ab \u00e0 distance \u00bb [&hellip;]<\/p>\n","protected":false},"author":1,"featured_media":0,"parent":0,"menu_order":0,"comment_status":"closed","ping_status":"closed","template":"","meta":{"footnotes":""},"class_list":["post-1983","page","type-page","status-publish","hentry"],"jetpack_sharing_enabled":true,"_links":{"self":[{"href":"https:\/\/englishofcourse.fr\/index.php\/wp-json\/wp\/v2\/pages\/1983"}],"collection":[{"href":"https:\/\/englishofcourse.fr\/index.php\/wp-json\/wp\/v2\/pages"}],"about":[{"href":"https:\/\/englishofcourse.fr\/index.php\/wp-json\/wp\/v2\/types\/page"}],"author":[{"embeddable":true,"href":"https:\/\/englishofcourse.fr\/index.php\/wp-json\/wp\/v2\/users\/1"}],"replies":[{"embeddable":true,"href":"https:\/\/englishofcourse.fr\/index.php\/wp-json\/wp\/v2\/comments?post=1983"}],"version-history":[{"count":3,"href":"https:\/\/englishofcourse.fr\/index.php\/wp-json\/wp\/v2\/pages\/1983\/revisions"}],"predecessor-version":[{"id":1995,"href":"https:\/\/englishofcourse.fr\/index.php\/wp-json\/wp\/v2\/pages\/1983\/revisions\/1995"}],"wp:attachment":[{"href":"https:\/\/englishofcourse.fr\/index.php\/wp-json\/wp\/v2\/media?parent=1983"}],"curies":[{"name":"wp","href":"https:\/\/api.w.org\/{rel}","templated":true}]}}