{"id":1656,"date":"2021-05-05T15:31:26","date_gmt":"2021-05-05T13:31:26","guid":{"rendered":"http:\/\/englishofcourse.fr\/?page_id=1656"},"modified":"2025-12-22T10:26:42","modified_gmt":"2025-12-22T09:26:42","slug":"perfectionnement-anglais","status":"publish","type":"page","link":"https:\/\/englishofcourse.fr\/index.php\/perfectionnement-anglais\/","title":{"rendered":"Perfectionnement Anglais"},"content":{"rendered":"<p style=\"text-align: center;\">Vous souhaitez vous perfectionner en anglais sans n\u00e9cessairement passer une certification en fin de parcours.<br \/>Une fois l&rsquo;audit pr\u00e9-formation fait, nous d\u00e9finirons le programme et la dur\u00e9e les plus adapt\u00e9s \u00e0 vos besoins et \u00e0 vos demandes, voici les diff\u00e9rentes formations propos\u00e9es selon le r\u00e9sultat de cette \u00e9valuation:<\/p>\n<p><span style=\"color: #0000ff;\"><a style=\"color: #0000ff;\" href=\"https:\/\/englishofcourse.fr\/wp-content\/uploads\/2021\/07\/PROGRAMME-DE-FORMATION-A1.pdf\" target=\"_blank\" rel=\"noopener\"><strong>PROGRAMME DE FORMATION A1<\/strong><\/a>\u00a0<\/span>&#8211;\u00a0Utilisateur \u00e9l\u00e9mentaire (niveau introductif ou de d\u00e9couverte)<br \/><strong><a href=\"https:\/\/englishofcourse.fr\/wp-content\/uploads\/2021\/07\/PROGRAMME-DE-FORMATION-A2.pdf\" target=\"_blank\" rel=\"noopener\"><span style=\"color: #0000ff;\">PROGRAMME DE FORMATION A2<\/span><\/a><\/strong>\u00a0&#8211; Utilisateur \u00e9l\u00e9mentaire (niveau interm\u00e9diaire ou usuel)<br \/><span style=\"color: #0000ff;\"><strong><a style=\"color: #0000ff;\" href=\"https:\/\/englishofcourse.fr\/wp-content\/uploads\/2021\/07\/PROGRAMME-DE-FORMATION-B1.pdf\" target=\"_blank\" rel=\"noopener\">PROGRAMME DE FORMATION B1<\/a><\/strong><\/span>\u00a0&#8211; Utilisateur ind\u00e9pendant (niveau seuil)<br \/><a href=\"https:\/\/englishofcourse.fr\/wp-content\/uploads\/2021\/07\/PROGRAMME-DE-FORMATION-B2.pdf\" target=\"_blank\" rel=\"noopener\"><span style=\"color: #0000ff;\"><strong>PROGRAMME DE FORMATION B2<\/strong><\/span><\/a>\u00a0&#8211; Utilisateur ind\u00e9pendant (niveau avanc\u00e9)<br \/><a href=\"https:\/\/englishofcourse.fr\/wp-content\/uploads\/2021\/07\/PROGRAMME-DE-FORMATION-C1.pdf\" target=\"_blank\" rel=\"noopener\"><strong><span style=\"color: #0000ff;\">PROGRAMME DE FORMATION C1<\/span><\/strong><\/a>\u00a0&#8211; Utilisateur exp\u00e9riment\u00e9<\/p>\n<p style=\"text-align: center;\"><strong>Tarif: 65\u20acHT \/ heure<\/strong><\/p>\n<p style=\"text-align: center;\"><b>Toutes nos formations peuvent \u00eatre suivies soit en\u00a0<\/b><span style=\"font-weight: 600;\">pr\u00e9sentiel, \u00e0 distance ou sur un format mixte (pr\u00e9sentiel et \u00e0\u00a0distance) en individuel ou en mini-groupe.\u00a0<\/span><\/p>\n<p style=\"text-align: center;\"><b>Les d\u00e9lais d&rsquo;acc\u00e8s \u00e0 la formation sont inf\u00e9rieurs \u00e0 un mois \u00e0 partir de votre premi\u00e8re demande.\u00a0<\/b><\/p>\n<p style=\"text-align: center;\">Si votre\u00a0situation n\u00e9cessite des am\u00e9nagements particuliers, n&rsquo;h\u00e9sitez pas \u00e0\u00a0<strong><span style=\"color: #0000ff;\"><a style=\"color: #0000ff;\" href=\"mailto:contact@englishofcourse.fr\" target=\"_blank\" rel=\"noreferrer noopener\">nous contacter par mail<\/a><\/span><\/strong><\/p>\n<p style=\"text-align: center;\">Si vous avez besoin d&rsquo;aide ou des informations compl\u00e9mentaires, \u00a0<strong><span style=\"color: #0000ff;\"><a style=\"color: #0000ff;\" href=\"mailto:contact@englishofcourse.fr\" target=\"_blank\" rel=\"noreferrer noopener\">contactez nous<\/a><\/span><\/strong><\/p>\n\n\n<figure class=\"wp-block-image size-large\"><img loading=\"lazy\" decoding=\"async\" width=\"1024\" height=\"724\" src=\"https:\/\/englishofcourse.fr\/wp-content\/uploads\/2021\/05\/CECRL-1024x724.jpg\" alt=\"\" class=\"wp-image-1677\" srcset=\"https:\/\/englishofcourse.fr\/wp-content\/uploads\/2021\/05\/CECRL-1024x724.jpg 1024w, https:\/\/englishofcourse.fr\/wp-content\/uploads\/2021\/05\/CECRL-300x212.jpg 300w, https:\/\/englishofcourse.fr\/wp-content\/uploads\/2021\/05\/CECRL-768x543.jpg 768w, https:\/\/englishofcourse.fr\/wp-content\/uploads\/2021\/05\/CECRL-1536x1086.jpg 1536w, https:\/\/englishofcourse.fr\/wp-content\/uploads\/2021\/05\/CECRL-830x587.jpg 830w, https:\/\/englishofcourse.fr\/wp-content\/uploads\/2021\/05\/CECRL-230x163.jpg 230w, https:\/\/englishofcourse.fr\/wp-content\/uploads\/2021\/05\/CECRL-350x247.jpg 350w, https:\/\/englishofcourse.fr\/wp-content\/uploads\/2021\/05\/CECRL-480x339.jpg 480w, https:\/\/englishofcourse.fr\/wp-content\/uploads\/2021\/05\/CECRL.jpg 1683w\" sizes=\"(max-width: 1024px) 100vw, 1024px\" \/><\/figure>\n\n\n\n<p class=\"has-text-align-right\"><em>Derni\u00e8re mise \u00e0 jour: le 18 mai 202<\/em>5<\/p>\n","protected":false},"excerpt":{"rendered":"<p>Vous souhaitez vous perfectionner en anglais sans n\u00e9cessairement passer une certification en fin de parcours.Une fois l&rsquo;audit pr\u00e9-formation fait, nous d\u00e9finirons le programme et la dur\u00e9e les plus adapt\u00e9s \u00e0 vos besoins et \u00e0 vos demandes, voici les diff\u00e9rentes formations propos\u00e9es selon le r\u00e9sultat de cette \u00e9valuation: PROGRAMME DE FORMATION A1\u00a0&#8211;\u00a0Utilisateur \u00e9l\u00e9mentaire (niveau introductif ou de d\u00e9couverte)PROGRAMME DE FORMATION A2\u00a0&#8211; Utilisateur \u00e9l\u00e9mentaire (niveau interm\u00e9diaire ou usuel)PROGRAMME DE FORMATION B1\u00a0&#8211; Utilisateur ind\u00e9pendant (niveau seuil)PROGRAMME DE FORMATION B2\u00a0&#8211; Utilisateur ind\u00e9pendant (niveau avanc\u00e9)PROGRAMME DE FORMATION C1\u00a0&#8211; Utilisateur exp\u00e9riment\u00e9 Tarif: 65\u20acHT \/ heure Toutes nos formations peuvent \u00eatre suivies soit en\u00a0pr\u00e9sentiel, \u00e0 distance ou [&hellip;]<\/p>\n","protected":false},"author":1,"featured_media":0,"parent":0,"menu_order":0,"comment_status":"closed","ping_status":"closed","template":"","meta":{"footnotes":""},"class_list":["post-1656","page","type-page","status-publish","hentry"],"jetpack_sharing_enabled":true,"_links":{"self":[{"href":"https:\/\/englishofcourse.fr\/index.php\/wp-json\/wp\/v2\/pages\/1656"}],"collection":[{"href":"https:\/\/englishofcourse.fr\/index.php\/wp-json\/wp\/v2\/pages"}],"about":[{"href":"https:\/\/englishofcourse.fr\/index.php\/wp-json\/wp\/v2\/types\/page"}],"author":[{"embeddable":true,"href":"https:\/\/englishofcourse.fr\/index.php\/wp-json\/wp\/v2\/users\/1"}],"replies":[{"embeddable":true,"href":"https:\/\/englishofcourse.fr\/index.php\/wp-json\/wp\/v2\/comments?post=1656"}],"version-history":[{"count":24,"href":"https:\/\/englishofcourse.fr\/index.php\/wp-json\/wp\/v2\/pages\/1656\/revisions"}],"predecessor-version":[{"id":15446,"href":"https:\/\/englishofcourse.fr\/index.php\/wp-json\/wp\/v2\/pages\/1656\/revisions\/15446"}],"wp:attachment":[{"href":"https:\/\/englishofcourse.fr\/index.php\/wp-json\/wp\/v2\/media?parent=1656"}],"curies":[{"name":"wp","href":"https:\/\/api.w.org\/{rel}","templated":true}]}}