{"id":157,"date":"2016-08-29T16:22:28","date_gmt":"2016-08-29T14:22:28","guid":{"rendered":"http:\/\/englishofcourse.fr\/?page_id=157"},"modified":"2025-12-10T13:46:06","modified_gmt":"2025-12-10T12:46:06","slug":"votre-formation","status":"publish","type":"page","link":"https:\/\/englishofcourse.fr\/index.php\/votre-formation\/","title":{"rendered":"Votre formation"},"content":{"rendered":"\n<figure class=\"wp-block-image aligncenter\"><img loading=\"lazy\" decoding=\"async\" width=\"1589\" height=\"470\" src=\"https:\/\/englishofcourse.fr\/wp-content\/uploads\/2016\/08\/Logo.jpg\" alt=\"Logo\" class=\"wp-image-4\" srcset=\"https:\/\/englishofcourse.fr\/wp-content\/uploads\/2016\/08\/Logo.jpg 1589w, https:\/\/englishofcourse.fr\/wp-content\/uploads\/2016\/08\/Logo-300x89.jpg 300w, https:\/\/englishofcourse.fr\/wp-content\/uploads\/2016\/08\/Logo-768x227.jpg 768w, https:\/\/englishofcourse.fr\/wp-content\/uploads\/2016\/08\/Logo-1024x303.jpg 1024w, https:\/\/englishofcourse.fr\/wp-content\/uploads\/2016\/08\/Logo-1200x355.jpg 1200w\" sizes=\"(max-width: 1589px) 100vw, 1589px\" \/><\/figure>\n\n\n\n<p class=\"has-text-align-center\">Voici votre parcours de formation de la prise de contact au questionnaire de satisfaction final.<\/p>\n\n\n\n<p class=\"has-text-align-center\"><a href=\"https:\/\/englishofcourse.fr\/wp-content\/uploads\/2021\/07\/Procedure-Parcours-de-formation-stagiaire-1.jpg\"><br><\/a>Pour t\u00e9l\u00e9charger de votre parcours de formation veuillez cliquer <span style=\"color: #0000ff;\"><strong><a href=\"https:\/\/englishofcourse.fr\/wp-content\/uploads\/2025\/12\/Procedure-Parcours-de-formation-stagiaire-2025-scaled.jpeg\" data-type=\"URL\" target=\"_blank\" rel=\"noreferrer noopener\">ici<\/a><\/strong>.<\/span><\/p>\n\n\n\n<figure class=\"wp-block-image size-full\"><img loading=\"lazy\" decoding=\"async\" width=\"1809\" height=\"2560\" src=\"https:\/\/englishofcourse.fr\/wp-content\/uploads\/2025\/12\/Procedure-Parcours-de-formation-stagiaire-2025-scaled.jpeg\" alt=\"\" class=\"wp-image-15441\" srcset=\"https:\/\/englishofcourse.fr\/wp-content\/uploads\/2025\/12\/Procedure-Parcours-de-formation-stagiaire-2025-scaled.jpeg 1809w, https:\/\/englishofcourse.fr\/wp-content\/uploads\/2025\/12\/Procedure-Parcours-de-formation-stagiaire-2025-212x300.jpeg 212w, https:\/\/englishofcourse.fr\/wp-content\/uploads\/2025\/12\/Procedure-Parcours-de-formation-stagiaire-2025-724x1024.jpeg 724w, https:\/\/englishofcourse.fr\/wp-content\/uploads\/2025\/12\/Procedure-Parcours-de-formation-stagiaire-2025-768x1087.jpeg 768w, https:\/\/englishofcourse.fr\/wp-content\/uploads\/2025\/12\/Procedure-Parcours-de-formation-stagiaire-2025-1086x1536.jpeg 1086w, https:\/\/englishofcourse.fr\/wp-content\/uploads\/2025\/12\/Procedure-Parcours-de-formation-stagiaire-2025-1447x2048.jpeg 1447w, https:\/\/englishofcourse.fr\/wp-content\/uploads\/2025\/12\/Procedure-Parcours-de-formation-stagiaire-2025-1000x1415.jpeg 1000w, https:\/\/englishofcourse.fr\/wp-content\/uploads\/2025\/12\/Procedure-Parcours-de-formation-stagiaire-2025-230x325.jpeg 230w, https:\/\/englishofcourse.fr\/wp-content\/uploads\/2025\/12\/Procedure-Parcours-de-formation-stagiaire-2025-350x495.jpeg 350w, https:\/\/englishofcourse.fr\/wp-content\/uploads\/2025\/12\/Procedure-Parcours-de-formation-stagiaire-2025-480x679.jpeg 480w\" sizes=\"(max-width: 1809px) 100vw, 1809px\" \/><\/figure>\n\n\n\n<p class=\"has-text-align-center\"><strong>Votre formation: Parcours d\u00e9taill\u00e9 et expliqu\u00e9:&nbsp;<\/strong><\/p>\n\n\n\n<p>Afin d&rsquo;analyser vos besoins et vos aptitudes linguistiques au&nbsp;plus juste, English Of Course vous propose une \u00e9valuation initiale de votre niveau \u00e0 l&rsquo;aide de plusieurs tests:<\/p>\n\n\n\n<p><span style=\"text-decoration: underline;\">Test effectu\u00e9 dans votre entreprise, chez vous ou en distanciel <\/span>(Teams, Zoom, T\u00e9l\u00e9phone)<\/p>\n\n\n\n<ul class=\"wp-block-list\">\n<li>Fiche de synth\u00e8se (objectifs, besoins, exigences, am\u00e9nagements particuliers)<\/li>\n\n\n\n<li>Evaluation Orale (Questions diverses) pour d\u00e9finir un niveau sur le <a href=\"https:\/\/englishofcourse.fr\/wp-content\/uploads\/2021\/05\/CECRL-copie.pdf\" target=\"_blank\" rel=\"noopener\">CECRL<\/a><\/li>\n\n\n\n<li>Compr\u00e9hension \u00e9crite (texte et questions)<\/li>\n\n\n\n<li>Compr\u00e9hension orale (fichier audio court et questions)<\/li>\n\n\n\n<li>Test de grammaire<\/li>\n<\/ul>\n\n\n\n<p>Vous serez aussi invit\u00e9 \u00e0 remplir un <strong><span style=\"color: #0000ff;\"><a style=\"color: #0000ff;\" href=\"https:\/\/englishofcourse.fr\/index.php\/needs-analysis\/\" target=\"_blank\" rel=\"noopener\">questionnaire<\/a><\/span><\/strong> pour analyser vos besoins, &nbsp;nous \u00e9tablirons ensemble <strong>votre programme de formation 100% personnalis\u00e9<\/strong> en fonctions de vos besoins professionnels et vos demandes sp\u00e9cifiques (accents, mise en situations).<\/p>\n\n\n\n<p>Nous d\u00e9finirons le test final qui vous convient le mieux ainsi que la dur\u00e9e de formation pour atteindre un niveau qui vous permettra d&rsquo;\u00eatre autonome \u00e0 votre poste de travail.<\/p>\n\n\n\n<p>Lors de votre premier cours, diff\u00e9rents supports (<a href=\"https:\/\/englishofcourse.fr\/wp-content\/uploads\/2021\/07\/Preuve-Classeur.pdf\" target=\"_blank\" rel=\"noopener\"><span style=\"color: #0000ff;\"><strong>classeur, livre<\/strong><\/span>)<\/a>&nbsp;vous seront remis afin de pouvoir classer les documents \u00e9tudi\u00e9s&nbsp;lors des le\u00e7ons. Dans le cas d&rsquo;une formation \u00e0 distance, vous pourrez t\u00e9l\u00e9charger le <span style=\"color: #0000ff;\"><strong><a style=\"color: #0000ff;\" href=\"https:\/\/englishofcourse.fr\/wp-content\/uploads\/2021\/07\/Classeur-en-ligne-4.pdf\" target=\"_blank\" rel=\"noopener\">Welcome Guide<\/a><\/strong><\/span> de English Of Course qui vous servira tout au long de votre formation.<\/p>\n\n\n\n<p>De nombreuses resources p\u00e9dagogiques sont mises \u00e0 votre disposition sur notre site internet. <strong><span style=\"color: #0000ff;\"><a style=\"color: #0000ff;\" href=\"https:\/\/englishofcourse.fr\/index.php\/grammar-exercises\/home-activities\/\" target=\"_blank\" rel=\"noopener\">Des exercises de compr\u00e9hension \u00e9crite et grammaire<\/a><\/span><\/strong>&nbsp;, <span style=\"color: #0000ff;\"><strong><a style=\"color: #0000ff;\" href=\"https:\/\/englishofcourse.fr\/index.php\/grammar-exercises\/listening-exercises\/\" target=\"_blank\" rel=\"noopener\">des exercises de compr\u00e9hension orale<\/a><\/strong><\/span>, <span style=\"color: #0000ff;\"><strong><a style=\"color: #0000ff;\" href=\"https:\/\/englishofcourse.fr\/index.php\/grammar-exercises\/videos\/\" target=\"_blank\" rel=\"noopener\">des vid\u00e9os<\/a>.<\/strong><\/span><\/p>\n\n\n\n<p>Tout au long&nbsp;de la formation, nous analyserons&nbsp;l&rsquo;\u00e9volution de votre niveau, et nous prendrons en compte vos remarques pour vous offrir le meilleur service possible. Il y aura un <strong><span style=\"color: #0000ff;\"><a style=\"color: #0000ff;\" href=\"https:\/\/englishofcourse.fr\/index.php\/formations\/satisfaction-debut-formation\/\" target=\"_blank\" rel=\"noopener\">questionnaire de satisfaction<\/a><\/span><\/strong> apr\u00e8s quelques cours ainsi que qu&rsquo;un autre <span style=\"color: #0000ff;\"><strong><a style=\"color: #0000ff;\" href=\"https:\/\/englishofcourse.fr\/index.php\/formations\/votre-avis-a-mi-parcours\/\" target=\"_blank\" rel=\"noopener\">questionnaire \u00e0 mi-parcours<\/a><\/strong><\/span> afin d&rsquo;\u00eatre sur que les cours correspondent \u00e0 vos attentes.<\/p>\n\n\n\n<p>En fin de parcours, nous proc\u00e9derons \u00e0 une \u00e9valuation finale ou le passage de la certification choisie afin de valider vos acquis et certifier votre formation.<\/p>\n\n\n\n<p>Finalement, un <span style=\"color: #0000ff;\"><a style=\"color: #0000ff;\" href=\"https:\/\/englishofcourse.fr\/index.php\/questionnaire-de-satisfaction-english-of-course\/\" target=\"_blank\" rel=\"noopener\"><strong>questionnaire de satisfaction<\/strong><\/a><\/span> vous sera adress\u00e9&nbsp;afin que nous puissions encore am\u00e9liorer&nbsp;le service d&rsquo;English Of Course.<\/p>\n\n\n\n<p class=\"has-text-align-center\"><b style=\"text-decoration: underline;\">Report de cours<\/b><\/p>\n\n\n\n<p>Dans le cas o\u00f9 vous ne seriez pas disponible, merci de&nbsp;pr\u00e9venir votre formateur ou Thibaud Tourancheau au minimum <strong>48h \u00e0 l&rsquo;avance <\/strong>soit par t\u00e9l\u00e9phone au 06 87 31 64 22 soit par email: <span style=\"color: #0000ff;\"><strong><a style=\"color: #0000ff;\" href=\"mailto:contact@englishofcourse.fr\" target=\"_blank\" rel=\"noopener\">contact@englishofcourse.fr<\/a><\/strong><\/span><\/p>\n\n\n\n<p>Nous devrons proc\u00e9der \u00e0 la facturation de l&rsquo;heure si ce d\u00e9lai n&rsquo;est pas respect\u00e9 sauf en cas de maladie, cas de force majeure. Nous&nbsp;faisons en sorte d&rsquo;\u00eatre le plus flexible et le plus compr\u00e9hensif possible.<\/p>\n\n\n\n<p class=\"has-text-align-center\"><span style=\"text-decoration: underline;\"><strong>Traitement des demandes, r\u00e9clamations<\/strong><\/span><\/p>\n\n\n\n<p>Toute demande peut \u00eatre communiqu\u00e9e soit par t\u00e9l\u00e9phone soit par email, nous vous garantissons une r\u00e9ponse dans un d\u00e9lai de 24 heures (jours ouvr\u00e9s)&nbsp;<\/p>\n\n\n\n<p>Toute r\u00e9clamation doit \u00eatre communiqu\u00e9e par <strong><span style=\"color: #0000ff;\"><a style=\"color: #0000ff;\" href=\"mailto:contact@englishofcourse.fr\" target=\"_blank\" rel=\"noopener\">email<\/a><\/span><\/strong> ou courrier.<\/p>\n\n\n\n<p class=\"has-text-align-right\"><em>Derni\u00e8re mise \u00e0 jour le 10\/01\/202<\/em>5<\/p>\n","protected":false},"excerpt":{"rendered":"<p>Voici votre parcours de formation de la prise de contact au questionnaire de satisfaction final. Pour t\u00e9l\u00e9charger de votre parcours de formation veuillez cliquer ici. Votre formation: Parcours d\u00e9taill\u00e9 et expliqu\u00e9:&nbsp; Afin d&rsquo;analyser vos besoins et vos aptitudes linguistiques au&nbsp;plus juste, English Of Course vous propose une \u00e9valuation initiale de votre niveau \u00e0 l&rsquo;aide de plusieurs tests: Test effectu\u00e9 dans votre entreprise, chez vous ou en distanciel (Teams, Zoom, T\u00e9l\u00e9phone) Vous serez aussi invit\u00e9 \u00e0 remplir un questionnaire pour analyser vos besoins, &nbsp;nous \u00e9tablirons ensemble votre programme de formation 100% personnalis\u00e9 en fonctions de vos besoins professionnels et vos demandes [&hellip;]<\/p>\n","protected":false},"author":1,"featured_media":0,"parent":0,"menu_order":0,"comment_status":"closed","ping_status":"closed","template":"","meta":{"footnotes":""},"class_list":["post-157","page","type-page","status-publish","hentry"],"jetpack_sharing_enabled":true,"_links":{"self":[{"href":"https:\/\/englishofcourse.fr\/index.php\/wp-json\/wp\/v2\/pages\/157"}],"collection":[{"href":"https:\/\/englishofcourse.fr\/index.php\/wp-json\/wp\/v2\/pages"}],"about":[{"href":"https:\/\/englishofcourse.fr\/index.php\/wp-json\/wp\/v2\/types\/page"}],"author":[{"embeddable":true,"href":"https:\/\/englishofcourse.fr\/index.php\/wp-json\/wp\/v2\/users\/1"}],"replies":[{"embeddable":true,"href":"https:\/\/englishofcourse.fr\/index.php\/wp-json\/wp\/v2\/comments?post=157"}],"version-history":[{"count":38,"href":"https:\/\/englishofcourse.fr\/index.php\/wp-json\/wp\/v2\/pages\/157\/revisions"}],"predecessor-version":[{"id":15445,"href":"https:\/\/englishofcourse.fr\/index.php\/wp-json\/wp\/v2\/pages\/157\/revisions\/15445"}],"wp:attachment":[{"href":"https:\/\/englishofcourse.fr\/index.php\/wp-json\/wp\/v2\/media?parent=157"}],"curies":[{"name":"wp","href":"https:\/\/api.w.org\/{rel}","templated":true}]}}