{"id":1564,"date":"2021-03-18T18:59:42","date_gmt":"2021-03-18T17:59:42","guid":{"rendered":"http:\/\/englishofcourse.fr\/?page_id=1564"},"modified":"2024-04-11T09:03:17","modified_gmt":"2024-04-11T07:03:17","slug":"formations-toeic","status":"publish","type":"page","link":"https:\/\/englishofcourse.fr\/index.php\/formations-toeic\/","title":{"rendered":"Formations TOEIC"},"content":{"rendered":"<p><em>Intitul\u00e9: <\/em><strong>Test TOEIC (Test of English for International Communication) <\/strong><em>\/ Code R\u00e9pertoire Sp\u00e9cifique: <a href=\"https:\/\/www.francecompetences.fr\/recherche\/rs\/6151\/\" target=\"_blank\" rel=\"noopener\"><strong>RS6151<\/strong><\/a><\/em><\/p>\n<p><em>Certificateur: <strong>ETS GLOBAL<\/strong>&nbsp;\/ Date d\u2019enregistrement de la certification: <strong>24-10-2025<\/strong><\/em><\/p>\n<p>Vous trouverez ici nos formations pour la pr\u00e9paration aux tests TOEIC. <strong class=\"rte__strong\">Il est d\u00e9sormais possible de passer le test TOEIC<sup class=\"exponent-symbol\">\u00ae<\/sup> Listening and Reading depuis chez soi gr\u00e2ce \u00e0 la surveillance \u00e0 distance.<\/strong><\/p>\n<p style=\"text-align: center;\"><strong>La derni\u00e8re heure de formation est r\u00e9serv\u00e9e au passage de la certification<\/strong>.<\/p>\n<p>&nbsp;<span style=\"color: #0000ff;\"><a style=\"color: #0000ff;\" href=\"https:\/\/www.etsglobal.org\/fr\/fr\/landing-page\/test-toeic-avec-surveillance-a-distance\" target=\"_blank\" rel=\"noopener\"><strong>TOEIC Listening &amp; Reading avec surveillance \u00e0 distance&nbsp;<\/strong><\/a><\/span>: niveaux&nbsp;\u00e9valu\u00e9s: El\u00e9mentaire \u00e0 avanc\u00e9 (A2 &#8211; C1 sur le <span style=\"color: #0000ff;\"><strong><a style=\"color: #0000ff;\" href=\"https:\/\/englishofcourse.fr\/wp-content\/uploads\/2021\/05\/CECRL-copie.pdf\" target=\"_blank\" rel=\"noopener\">CECRL<\/a>)<\/strong><\/span><\/p>\n<p style=\"text-align: center;\">Votre formation peut \u00eatre enti\u00e8rement financ\u00e9e par votre compte personnel de formation:<\/p>\n<h5 style=\"text-align: center;\">Cliquez sur la formation pour acc\u00e9der directement \u00e0 sa description sur le site moncompteformation.fr <span style=\"text-decoration: underline;\">pour suivre votre formation avec un parcours individuel<\/span><\/h5>\n<p style=\"text-align: center;\"><strong><span style=\"color: #0000ff;\"><a style=\"color: #0000ff;\" href=\"https:\/\/www.moncompteformation.gouv.fr\/espace-prive\/html\/#\/formation\/recherche\/82194126700014_New_TOEIC\/82194126700014_TOEIC_10H\" target=\"_blank\" rel=\"noopener\">Dur\u00e9e 10h &#8211; Tarif 720\u20ac&nbsp;<\/a><\/span><\/strong><\/p>\n<p style=\"text-align: center;\"><strong><span style=\"color: #0000ff;\"><a style=\"color: #0000ff;\" href=\"https:\/\/www.moncompteformation.gouv.fr\/espace-prive\/html\/#\/formation\/recherche\/82194126700014_New_TOEIC\/82194126700014_TOEIC_20H\" target=\"_blank\" rel=\"noopener\">Dur\u00e9e 20h &#8211; Tarif 1440\u20ac<\/a><\/span><\/strong><\/p>\n<p style=\"text-align: center;\"><strong><span style=\"color: #0000ff;\"><a style=\"color: #0000ff;\" href=\"https:\/\/www.moncompteformation.gouv.fr\/espace-prive\/html\/#\/formation\/recherche\/82194126700014_New_TOEIC\/82194126700014_TOEIC_30H\" target=\"_blank\" rel=\"noopener\">Dur\u00e9e 30h &#8211; Tarif 2160\u20ac<\/a><\/span><\/strong><\/p>\n<p style=\"text-align: center;\"><strong><span style=\"color: #0000ff;\"><a style=\"font-size: inherit; color: #0000ff;\" href=\"https:\/\/www.moncompteformation.gouv.fr\/espace-prive\/html\/#\/formation\/recherche\/82194126700014_New_TOEIC\/82194126700014_TOEIC_40H\" target=\"_blank\" rel=\"noopener\">Dur\u00e9e 40h &#8211; Tarif 2880\u20ac<\/a><\/span><\/strong><\/p>\n<h5 style=\"text-align: center;\">Veuillez trouver ci dessous les programmes de formation avec les objectifs, les pr\u00e9requis, les modalit\u00e9s p\u00e9dagogiques, le contenu:<\/h5>\n\n\n<div class=\"wp-block-file aligncenter\"><a href=\"https:\/\/englishofcourse.fr\/wp-content\/uploads\/2024\/04\/PROGRAMME-DE-FORMATION-TOEIC-10H-2024-1.pdf\" target=\"_blank\" rel=\"noreferrer noopener\"><span style=\"color:#0000ff\" class=\"has-inline-color\"><strong>PROGRAMME-DE-FORMATION-TOEIC-10H-2024<\/strong><\/span><\/a><\/div>\n\n\n\n<div class=\"wp-block-file aligncenter\"><a href=\"https:\/\/englishofcourse.fr\/wp-content\/uploads\/2024\/04\/PROGRAMME-DE-FORMATION-TOEIC-20H-2024-1.pdf\" target=\"_blank\" rel=\"noreferrer noopener\"><span style=\"color:#0000ff\" class=\"has-inline-color\"><strong>PROGRAMME-DE-FORMATION-TOEIC-20H-2024<\/strong><\/span><\/a><\/div>\n\n\n\n<div class=\"wp-block-file aligncenter\"><a href=\"https:\/\/englishofcourse.fr\/wp-content\/uploads\/2024\/04\/PROGRAMME-DE-FORMATION-TOEIC-30H-2024-1.pdf\" target=\"_blank\" rel=\"noreferrer noopener\"><span style=\"color:#0000ff\" class=\"has-inline-color\"><strong>PROGRAMME-DE-FORMATION-TOEIC-30H-2024<\/strong><\/span><\/a><\/div>\n\n\n\n<div class=\"wp-block-file aligncenter\"><a href=\"https:\/\/englishofcourse.fr\/wp-content\/uploads\/2024\/04\/PROGRAMME-DE-FORMATION-TOEIC-40H-2024-1.pdf\" target=\"_blank\" rel=\"noreferrer noopener\"><strong><span style=\"color:#0000ff\" class=\"has-inline-color\">PROGRAMME-DE-FORMATION-TOEIC-40H-2024<\/span><\/strong><\/a><\/div>\n\n\n\n<p>Pour vous aider \u00e0 vous inscrire \u00e0 votre action de formation, vous pouvez t\u00e9l\u00e9charger le guide inscription en suivant ce <strong><span style=\"color:#0000ff\" class=\"has-inline-color\"><a href=\"https:\/\/englishofcourse.fr\/wp-content\/uploads\/2023\/01\/Guide-Inscription-Action-de-Formation-CPF-12_11_22.pdf\" target=\"_blank\" rel=\"noreferrer noopener\">lien<\/a><\/span><\/strong> ou visionner cette vid\u00e9o: <\/p>\n\n\n\n<figure class=\"wp-block-embed is-type-video is-provider-youtube wp-block-embed-youtube wp-embed-aspect-16-9 wp-has-aspect-ratio\"><div class=\"wp-block-embed__wrapper\">\n<iframe loading=\"lazy\" title=\"Cre\u0301ation Dossier Formation   Plateforme Mon Compte Formation\" width=\"1170\" height=\"658\" src=\"https:\/\/www.youtube.com\/embed\/suIyQBLl8vA?feature=oembed\" frameborder=\"0\" allow=\"accelerometer; autoplay; clipboard-write; encrypted-media; gyroscope; picture-in-picture; web-share\" referrerpolicy=\"strict-origin-when-cross-origin\" allowfullscreen><\/iframe>\n<\/div><\/figure>\n\n\n\n<p class=\"has-text-align-center\">Toutes nos formations peuvent \u00eatre suivies soit en&nbsp;pr\u00e9sentiel, \u00e0 distance ou sur un format mixte (pr\u00e9sentiel et distanciel).<\/p>\n\n\n\n<p>Retrouvez <a href=\"https:\/\/etswebsiteprod.cdn.prismic.io\/etswebsiteprod\/3eea7a32-cb33-46ec-bbd6-efab5b2f0946_MAN031FR_TOEIC-LRMSA_EXHB_IP_REMO_1H_OBT_28032022.pdf\" data-type=\"URL\" target=\"_blank\" rel=\"noreferrer noopener\"><span style=\"color:#0000ff\" class=\"has-inline-color\"><strong>ici<\/strong><\/span><\/a> le manuel du candidat pour une description d\u00e9taill\u00e9e du Test TOEIC Listening &amp; Reading ainsi que 3 vid\u00e9os explicatives. <\/p>\n\n\n\n<figure class=\"wp-block-embed is-type-video is-provider-youtube wp-block-embed-youtube wp-embed-aspect-16-9 wp-has-aspect-ratio\"><div class=\"wp-block-embed__wrapper\">\n<iframe loading=\"lazy\" title=\"Les coulisses du test TOEIC Listening and Reading avec surveillance \u00e0 distance\" width=\"1170\" height=\"658\" src=\"https:\/\/www.youtube.com\/embed\/ousxVOv6maM?feature=oembed\" frameborder=\"0\" allow=\"accelerometer; autoplay; clipboard-write; encrypted-media; gyroscope; picture-in-picture; web-share\" referrerpolicy=\"strict-origin-when-cross-origin\" allowfullscreen><\/iframe>\n<\/div><\/figure>\n\n\n\n<figure class=\"wp-block-embed is-type-video is-provider-youtube wp-block-embed-youtube wp-embed-aspect-16-9 wp-has-aspect-ratio\"><div class=\"wp-block-embed__wrapper\">\n<iframe loading=\"lazy\" title=\"Le test TOEIC\u00ae Listening and Reading avec surveillance \u00e0 distance\" width=\"1170\" height=\"658\" src=\"https:\/\/www.youtube.com\/embed\/HCrMMXyuunI?feature=oembed\" frameborder=\"0\" allow=\"accelerometer; autoplay; clipboard-write; encrypted-media; gyroscope; picture-in-picture; web-share\" referrerpolicy=\"strict-origin-when-cross-origin\" allowfullscreen><\/iframe>\n<\/div><\/figure>\n\n\n\n<figure class=\"wp-block-embed is-type-video is-provider-youtube wp-block-embed-youtube wp-embed-aspect-16-9 wp-has-aspect-ratio\"><div class=\"wp-block-embed__wrapper\">\n<iframe loading=\"lazy\" title=\"Le test TOEIC Listening and Reading avec surveillance \u00e0 distance - Points de s\u00e9curit\u00e9 obligatoires\" width=\"1170\" height=\"658\" src=\"https:\/\/www.youtube.com\/embed\/MD4f3T2YNZ4?feature=oembed\" frameborder=\"0\" allow=\"accelerometer; autoplay; clipboard-write; encrypted-media; gyroscope; picture-in-picture; web-share\" referrerpolicy=\"strict-origin-when-cross-origin\" allowfullscreen><\/iframe>\n<\/div><\/figure>\n\n\n\n<p>Retrouvez <a rel=\"noreferrer noopener\" href=\"https:\/\/englishofcourse.fr\/wp-content\/uploads\/2021\/05\/TOEIC_en_AUTONOMIE-Manuel_du_Candidat.pdf\" target=\"_blank\"><strong><span style=\"color:#0000ff\" class=\"has-inline-color\">ici<\/span><\/strong><\/a> la Foire aux Questions (FAQ) concernant les Tests TOEIC en autonomie.<\/p>\n\n\n\n<p class=\"has-text-align-center\"><strong>Les d\u00e9lais d&rsquo;acc\u00e8s \u00e0 la formation sont inf\u00e9rieurs \u00e0 un mois \u00e0 partir de votre premi\u00e8re demande.&nbsp;<\/strong><\/p>\n\n\n\n<p>Le Test TOEIC est accessible aux personnes <strong> en situation de handicap<\/strong>: retrouvez la&nbsp;<strong><a rel=\"noreferrer noopener\" href=\"https:\/\/www.etsglobal.org\/fr\/fr\/blog\/news\/ets-global-et-mission-handicap\" target=\"_blank\"><em><span style=\"color:#0000ff\" class=\"has-inline-color\">Mission Handicap d\u2019ETS Global<\/span><\/em><\/a> <\/strong>et les possibilit\u00e9s d\u2019am\u00e9nagement pour passer les tests&nbsp;<em>TOEIC<\/em><sup>\u00ae<\/sup>.<\/p>\n\n\n\n<p class=\"has-text-align-center\">Si votre&nbsp;situation n\u00e9cessite des am\u00e9nagements particuliers, n&rsquo;h\u00e9sitez pas \u00e0&nbsp;<strong><a rel=\"noreferrer noopener\" href=\"mailto:contact@englishofcourse.fr\" target=\"_blank\"><span style=\"color:#0000ff\" class=\"has-inline-color\">nous contacter par mail<\/span><\/a><\/strong>, ou vous pouvez t\u00e9l\u00e9charger le document ci dessous pour un am\u00e9nagement lors du test TOEIC: <\/p>\n\n\n\n<figure class=\"wp-block-table\"><table><tbody><tr><td><a href=\"applewebdata:\/\/012E29BE-D1CE-4111-9782-DB2975AE6DD4\/CRITERE%206\/INDICATEUR%2026\/Demande%20d'ame%CC%81nagement%20de%20session%20de%20test%20TOEIC.pdf\"><strong>Demande d&rsquo;am\u00e9nagement de session de test<\/strong><\/a><\/td><\/tr><\/tbody><\/table><\/figure>\n\n\n\n<p class=\"has-text-align-center\">La demande d&rsquo;am\u00e9nagement de session de test peut \u00eatre t\u00e9l\u00e9charg\u00e9e <strong><a rel=\"noreferrer noopener\" href=\"https:\/\/englishofcourse.fr\/wp-content\/uploads\/2021\/07\/formulaire-demande-amenagement-handicap.pdf\" target=\"_blank\"><span style=\"color:#0000ff\" class=\"has-inline-color\">ici<\/span><\/a><\/strong><\/p>\n\n\n\n<p class=\"has-text-align-center\"><strong><em><span style=\"text-decoration: underline;\"><span class=\"has-inline-color has-luminous-vivid-amber-color\">La structure du Test TOEIC Listening and Reading <\/span><\/span><\/em><\/strong><\/p>\n\n\n\n<figure class=\"wp-block-image size-full\"><img loading=\"lazy\" decoding=\"async\" width=\"1022\" height=\"1180\" src=\"https:\/\/englishofcourse.fr\/wp-content\/uploads\/2021\/07\/image-2.png\" alt=\"\" class=\"wp-image-2304\" srcset=\"https:\/\/englishofcourse.fr\/wp-content\/uploads\/2021\/07\/image-2.png 1022w, https:\/\/englishofcourse.fr\/wp-content\/uploads\/2021\/07\/image-2-260x300.png 260w, https:\/\/englishofcourse.fr\/wp-content\/uploads\/2021\/07\/image-2-887x1024.png 887w, https:\/\/englishofcourse.fr\/wp-content\/uploads\/2021\/07\/image-2-768x887.png 768w, https:\/\/englishofcourse.fr\/wp-content\/uploads\/2021\/07\/image-2-830x958.png 830w, https:\/\/englishofcourse.fr\/wp-content\/uploads\/2021\/07\/image-2-230x266.png 230w, https:\/\/englishofcourse.fr\/wp-content\/uploads\/2021\/07\/image-2-350x404.png 350w, https:\/\/englishofcourse.fr\/wp-content\/uploads\/2021\/07\/image-2-480x554.png 480w\" sizes=\"(max-width: 1022px) 100vw, 1022px\" \/><\/figure>\n\n\n\n<p class=\"has-text-align-center\"><strong>Le tableau d&rsquo;\u00e9quivalence TOEIC Listening and Reading \/ CECRL &#8211; <a href=\"https:\/\/englishofcourse.fr\/wp-content\/uploads\/2021\/07\/test-toeic-listening-and-reading-CECRL-table-correlation-1.pdf\" target=\"_blank\" rel=\"noreferrer noopener\"><span style=\"color:#0000ff\" class=\"has-inline-color\">Comprendre mon score TOEIC<\/span><\/a><\/strong> Listening and Reading<\/p>\n\n\n\n<figure class=\"wp-block-image size-full\"><img loading=\"lazy\" decoding=\"async\" width=\"1776\" height=\"410\" src=\"https:\/\/englishofcourse.fr\/wp-content\/uploads\/2021\/07\/image-1.png\" alt=\"\" class=\"wp-image-2254\" srcset=\"https:\/\/englishofcourse.fr\/wp-content\/uploads\/2021\/07\/image-1.png 1776w, https:\/\/englishofcourse.fr\/wp-content\/uploads\/2021\/07\/image-1-300x69.png 300w, https:\/\/englishofcourse.fr\/wp-content\/uploads\/2021\/07\/image-1-1024x236.png 1024w, https:\/\/englishofcourse.fr\/wp-content\/uploads\/2021\/07\/image-1-768x177.png 768w, https:\/\/englishofcourse.fr\/wp-content\/uploads\/2021\/07\/image-1-1536x355.png 1536w, https:\/\/englishofcourse.fr\/wp-content\/uploads\/2021\/07\/image-1-830x192.png 830w, https:\/\/englishofcourse.fr\/wp-content\/uploads\/2021\/07\/image-1-230x53.png 230w, https:\/\/englishofcourse.fr\/wp-content\/uploads\/2021\/07\/image-1-350x81.png 350w, https:\/\/englishofcourse.fr\/wp-content\/uploads\/2021\/07\/image-1-480x111.png 480w\" sizes=\"(max-width: 1776px) 100vw, 1776px\" \/><\/figure>\n\n\n\n<p><strong>Le tableau d&rsquo;\u00e9quivalence TOEIC Bridge \/ CECRL &#8211; <a rel=\"noreferrer noopener\" href=\"https:\/\/englishofcourse.fr\/wp-content\/uploads\/2021\/07\/TOEIC-Bridge-CECRL-Correlation-.pdf\" target=\"_blank\"><span style=\"color:#0000ff\" class=\"has-inline-color\">Comprendre mon score TOEIC<\/span><\/a><\/strong> Bridge<\/p>\n\n\n\n<figure class=\"wp-block-image size-full\"><img loading=\"lazy\" decoding=\"async\" width=\"1500\" height=\"484\" src=\"https:\/\/englishofcourse.fr\/wp-content\/uploads\/2021\/07\/image-3.png\" alt=\"\" class=\"wp-image-2328\" srcset=\"https:\/\/englishofcourse.fr\/wp-content\/uploads\/2021\/07\/image-3.png 1500w, https:\/\/englishofcourse.fr\/wp-content\/uploads\/2021\/07\/image-3-300x97.png 300w, https:\/\/englishofcourse.fr\/wp-content\/uploads\/2021\/07\/image-3-1024x330.png 1024w, https:\/\/englishofcourse.fr\/wp-content\/uploads\/2021\/07\/image-3-768x248.png 768w, https:\/\/englishofcourse.fr\/wp-content\/uploads\/2021\/07\/image-3-830x268.png 830w, https:\/\/englishofcourse.fr\/wp-content\/uploads\/2021\/07\/image-3-230x74.png 230w, https:\/\/englishofcourse.fr\/wp-content\/uploads\/2021\/07\/image-3-350x113.png 350w, https:\/\/englishofcourse.fr\/wp-content\/uploads\/2021\/07\/image-3-480x155.png 480w\" sizes=\"(max-width: 1500px) 100vw, 1500px\" \/><\/figure>\n\n\n\n<p class=\"has-text-align-center\">Si vous avez besoin d&rsquo;aide ou des informations compl\u00e9mentaires, &nbsp;<a rel=\"noreferrer noopener\" href=\"mailto:contact@englishofcourse.fr\" target=\"_blank\"><strong><span style=\"color:#0000ff\" class=\"has-inline-color\">contactez nous<\/span><\/strong><\/a><\/p>\n\n\n\n<p class=\"has-text-align-right\"><em>derni\u00e8re mise \u00e0 jour: le 04 MARS 202<\/em>4<\/p>\n","protected":false},"excerpt":{"rendered":"<p>Intitul\u00e9: Test TOEIC (Test of English for International Communication) \/ Code R\u00e9pertoire Sp\u00e9cifique: RS6151 Certificateur: ETS GLOBAL&nbsp;\/ Date d\u2019enregistrement de la certification: 24-10-2025 Vous trouverez ici nos formations pour la pr\u00e9paration aux tests TOEIC. Il est d\u00e9sormais possible de passer le test TOEIC\u00ae Listening and Reading depuis chez soi gr\u00e2ce \u00e0 la surveillance \u00e0 distance. La derni\u00e8re heure de formation est r\u00e9serv\u00e9e au passage de la certification. &nbsp;TOEIC Listening &amp; Reading avec surveillance \u00e0 distance&nbsp;: niveaux&nbsp;\u00e9valu\u00e9s: El\u00e9mentaire \u00e0 avanc\u00e9 (A2 &#8211; C1 sur le CECRL) Votre formation peut \u00eatre enti\u00e8rement financ\u00e9e par votre compte personnel de formation: Cliquez sur la [&hellip;]<\/p>\n","protected":false},"author":1,"featured_media":0,"parent":0,"menu_order":0,"comment_status":"closed","ping_status":"closed","template":"","meta":{"footnotes":""},"class_list":["post-1564","page","type-page","status-publish","hentry"],"jetpack_sharing_enabled":true,"_links":{"self":[{"href":"https:\/\/englishofcourse.fr\/index.php\/wp-json\/wp\/v2\/pages\/1564"}],"collection":[{"href":"https:\/\/englishofcourse.fr\/index.php\/wp-json\/wp\/v2\/pages"}],"about":[{"href":"https:\/\/englishofcourse.fr\/index.php\/wp-json\/wp\/v2\/types\/page"}],"author":[{"embeddable":true,"href":"https:\/\/englishofcourse.fr\/index.php\/wp-json\/wp\/v2\/users\/1"}],"replies":[{"embeddable":true,"href":"https:\/\/englishofcourse.fr\/index.php\/wp-json\/wp\/v2\/comments?post=1564"}],"version-history":[{"count":103,"href":"https:\/\/englishofcourse.fr\/index.php\/wp-json\/wp\/v2\/pages\/1564\/revisions"}],"predecessor-version":[{"id":15349,"href":"https:\/\/englishofcourse.fr\/index.php\/wp-json\/wp\/v2\/pages\/1564\/revisions\/15349"}],"wp:attachment":[{"href":"https:\/\/englishofcourse.fr\/index.php\/wp-json\/wp\/v2\/media?parent=1564"}],"curies":[{"name":"wp","href":"https:\/\/api.w.org\/{rel}","templated":true}]}}