{"id":15395,"date":"2025-12-03T09:13:46","date_gmt":"2025-12-03T08:13:46","guid":{"rendered":"https:\/\/englishofcourse.fr\/?page_id=15395"},"modified":"2025-12-03T09:19:44","modified_gmt":"2025-12-03T08:19:44","slug":"catalogue-formations-2","status":"publish","type":"page","link":"https:\/\/englishofcourse.fr\/index.php\/catalogue-formations-2\/","title":{"rendered":"Catalogue Formations"},"content":{"rendered":"\n<h2 class=\"wp-block-heading\"><a href=\"https:\/\/englishofcourse.fr\/wp-content\/uploads\/2016\/08\/Logo.jpg\"><img loading=\"lazy\" decoding=\"async\" class=\"aligncenter wp-image-4\" src=\"https:\/\/englishofcourse.fr\/wp-content\/uploads\/2016\/08\/Logo.jpg\" alt=\"Logo\" width=\"378\" height=\"112\" srcset=\"https:\/\/englishofcourse.fr\/wp-content\/uploads\/2016\/08\/Logo.jpg 1589w, https:\/\/englishofcourse.fr\/wp-content\/uploads\/2016\/08\/Logo-300x89.jpg 300w, https:\/\/englishofcourse.fr\/wp-content\/uploads\/2016\/08\/Logo-768x227.jpg 768w, https:\/\/englishofcourse.fr\/wp-content\/uploads\/2016\/08\/Logo-1024x303.jpg 1024w, https:\/\/englishofcourse.fr\/wp-content\/uploads\/2016\/08\/Logo-1200x355.jpg 1200w\" sizes=\"(max-width: 378px) 100vw, 378px\" \/><\/a>English Of Course vous accompagne dans vos d\u00e9marches de formation.<\/h2>\n\n\n\n<p>Nous nous occupons de tout apr\u00e8s avoir fait <a href=\"https:\/\/englishofcourse.fr\/index.php\/needs-analysis\/\" target=\"_blank\" rel=\"noopener\">un diagnostic des besoins<\/a> et une \u00e9valuation initiale de votre niveau \u00e0 l&rsquo;aide de plusieurs tests:<\/p>\n\n\n\n<ul class=\"wp-block-list\">\n<li>Compr\u00e9hension \u00e9crite (texte et questions)<\/li>\n\n\n\n<li>Compr\u00e9hension orale (fichier audio court et questions)<\/li>\n\n\n\n<li>Test de grammaire<\/li>\n\n\n\n<li>Evaluation Orale (Questions diverses)<\/li>\n<\/ul>\n\n\n\n<p>Les catalogues formations sont disponibles ci dessous:<\/p>\n\n\n\n<p><a href=\"https:\/\/englishofcourse.fr\/index.php\/catalogue-formations\/formations-english360\/\" target=\"_blank\" rel=\"noopener\">Certification English 360\u00b0<\/a><\/p>\n\n\n\n<p><a href=\"https:\/\/englishofcourse.fr\/index.php\/perfectionnement-anglais\/\" target=\"_blank\" rel=\"noopener\">Perfectionnement Anglais<\/a><\/p>\n\n\n\n<p>A la suite de ces tests, nous travaillerons ensemble pour \u00e9tablir\u00a0<strong><u>votre programme de formation 100% personnalis\u00e9<\/u><\/strong>\u00a0en fonctions de vos besoins professionnels et vos demandes sp\u00e9cifiques (accents, mise en situations). Nous d\u00e9finirons le test final qui vous convient le mieux ainsi que la dur\u00e9e de formation pour atteindre un niveau qui vous permettra d&rsquo;\u00eatre autonome \u00e0 votre poste de travail.<\/p>\n\n\n\n<p><strong>Toutes nos formations peuvent \u00eatre suivies soit en\u00a0pr\u00e9sentiel, \u00e0 distance ou sur un format mixte (pr\u00e9sentiel et \u00e0\u00a0distance). La formation peut \u00eatre r\u00e9alis\u00e9 en face \u00e0 face ou en groupe selon votre budget.\u00a0<\/strong><\/p>\n\n\n\n<p>Vous n&rsquo;avez rien \u00e0 faire si ce n&rsquo;est contacter English Of Course.<\/p>\n\n\n\n<p>So what are you waiting for?\u00a0<\/p>\n\n\n\n<p>Si votre&nbsp;situation n\u00e9cessite des am\u00e9nagements particuliers, veuillez suivre&nbsp;<a href=\"https:\/\/englishofcourse.fr\/index.php\/ressources-handicap\/\" target=\"_blank\" rel=\"noreferrer noopener\">ce lien<\/a>&nbsp;ou&nbsp;<a href=\"mailto:contact@englishofcourse.fr\" target=\"_blank\" rel=\"noreferrer noopener\">nous contacter par mail<\/a><\/p>\n\n\n\n<p>Si vous avez besoin d&rsquo;aide ou des informations compl\u00e9mentaires, &nbsp;<a href=\"mailto:contact@englishofcourse.fr\" target=\"_blank\" rel=\"noreferrer noopener\">contactez nous<\/a><\/p>\n\n\n\n<p class=\"has-text-align-right\"><em>derni\u00e8re mise \u00e0 jour le 05\/01\/2025<\/em><\/p>\n","protected":false},"excerpt":{"rendered":"<p>English Of Course vous accompagne dans vos d\u00e9marches de formation. Nous nous occupons de tout apr\u00e8s avoir fait un diagnostic des besoins et une \u00e9valuation initiale de votre niveau \u00e0 l&rsquo;aide de plusieurs tests: Les catalogues formations sont disponibles ci dessous: Certification English 360\u00b0 Perfectionnement Anglais A la suite de ces tests, nous travaillerons ensemble pour \u00e9tablir\u00a0votre programme de formation 100% personnalis\u00e9\u00a0en fonctions de vos besoins professionnels et vos demandes sp\u00e9cifiques (accents, mise en situations). Nous d\u00e9finirons le test final qui vous convient le mieux ainsi que la dur\u00e9e de formation pour atteindre un niveau qui vous permettra d&rsquo;\u00eatre autonome [&hellip;]<\/p>\n","protected":false},"author":1,"featured_media":0,"parent":0,"menu_order":0,"comment_status":"closed","ping_status":"closed","template":"","meta":{"footnotes":""},"class_list":["post-15395","page","type-page","status-publish","hentry"],"jetpack_sharing_enabled":true,"_links":{"self":[{"href":"https:\/\/englishofcourse.fr\/index.php\/wp-json\/wp\/v2\/pages\/15395"}],"collection":[{"href":"https:\/\/englishofcourse.fr\/index.php\/wp-json\/wp\/v2\/pages"}],"about":[{"href":"https:\/\/englishofcourse.fr\/index.php\/wp-json\/wp\/v2\/types\/page"}],"author":[{"embeddable":true,"href":"https:\/\/englishofcourse.fr\/index.php\/wp-json\/wp\/v2\/users\/1"}],"replies":[{"embeddable":true,"href":"https:\/\/englishofcourse.fr\/index.php\/wp-json\/wp\/v2\/comments?post=15395"}],"version-history":[{"count":6,"href":"https:\/\/englishofcourse.fr\/index.php\/wp-json\/wp\/v2\/pages\/15395\/revisions"}],"predecessor-version":[{"id":15405,"href":"https:\/\/englishofcourse.fr\/index.php\/wp-json\/wp\/v2\/pages\/15395\/revisions\/15405"}],"wp:attachment":[{"href":"https:\/\/englishofcourse.fr\/index.php\/wp-json\/wp\/v2\/media?parent=15395"}],"curies":[{"name":"wp","href":"https:\/\/api.w.org\/{rel}","templated":true}]}}