{"id":15327,"date":"2024-04-10T14:24:24","date_gmt":"2024-04-10T12:24:24","guid":{"rendered":"https:\/\/englishofcourse.fr\/?page_id=15327"},"modified":"2025-12-24T15:02:02","modified_gmt":"2025-12-24T14:02:02","slug":"satisfaction-prescripteurs","status":"publish","type":"page","link":"https:\/\/englishofcourse.fr\/index.php\/votre-satisfaction\/satisfaction-prescripteurs\/","title":{"rendered":"Satisfaction Prescripteurs"},"content":{"rendered":"\n<p><strong>R\u00e9sultats des enqu\u00eates de satisfaction depuis 2021 aupr\u00e8s des donneurs d&rsquo;ordres.<\/strong><\/p>\n\n\n\n<figure class=\"wp-block-image size-large\"><img loading=\"lazy\" decoding=\"async\" width=\"790\" height=\"1024\" src=\"https:\/\/englishofcourse.fr\/wp-content\/uploads\/2025\/12\/image-3-790x1024.png\" alt=\"\" class=\"wp-image-15451\" srcset=\"https:\/\/englishofcourse.fr\/wp-content\/uploads\/2025\/12\/image-3-790x1024.png 790w, https:\/\/englishofcourse.fr\/wp-content\/uploads\/2025\/12\/image-3-232x300.png 232w, https:\/\/englishofcourse.fr\/wp-content\/uploads\/2025\/12\/image-3-768x995.png 768w, https:\/\/englishofcourse.fr\/wp-content\/uploads\/2025\/12\/image-3-1185x1536.png 1185w, https:\/\/englishofcourse.fr\/wp-content\/uploads\/2025\/12\/image-3-1000x1296.png 1000w, https:\/\/englishofcourse.fr\/wp-content\/uploads\/2025\/12\/image-3-230x298.png 230w, https:\/\/englishofcourse.fr\/wp-content\/uploads\/2025\/12\/image-3-350x453.png 350w, https:\/\/englishofcourse.fr\/wp-content\/uploads\/2025\/12\/image-3-480x622.png 480w, https:\/\/englishofcourse.fr\/wp-content\/uploads\/2025\/12\/image-3.png 1346w\" sizes=\"(max-width: 790px) 100vw, 790px\" \/><\/figure>\n\n\n\n<figure class=\"wp-block-image size-large\"><img loading=\"lazy\" decoding=\"async\" width=\"762\" height=\"1024\" src=\"https:\/\/englishofcourse.fr\/wp-content\/uploads\/2025\/12\/image-4-762x1024.png\" alt=\"\" class=\"wp-image-15452\" srcset=\"https:\/\/englishofcourse.fr\/wp-content\/uploads\/2025\/12\/image-4-762x1024.png 762w, https:\/\/englishofcourse.fr\/wp-content\/uploads\/2025\/12\/image-4-223x300.png 223w, https:\/\/englishofcourse.fr\/wp-content\/uploads\/2025\/12\/image-4-768x1033.png 768w, https:\/\/englishofcourse.fr\/wp-content\/uploads\/2025\/12\/image-4-1142x1536.png 1142w, https:\/\/englishofcourse.fr\/wp-content\/uploads\/2025\/12\/image-4-1000x1344.png 1000w, https:\/\/englishofcourse.fr\/wp-content\/uploads\/2025\/12\/image-4-230x309.png 230w, https:\/\/englishofcourse.fr\/wp-content\/uploads\/2025\/12\/image-4-350x471.png 350w, https:\/\/englishofcourse.fr\/wp-content\/uploads\/2025\/12\/image-4-480x645.png 480w, https:\/\/englishofcourse.fr\/wp-content\/uploads\/2025\/12\/image-4.png 1254w\" sizes=\"(max-width: 762px) 100vw, 762px\" \/><\/figure>\n\n\n\n<p class=\"has-text-align-right\"><em>Derni\u00e8re mise \u00e0 jour 24\/12\/202<\/em>5<\/p>\n","protected":false},"excerpt":{"rendered":"<p>R\u00e9sultats des enqu\u00eates de satisfaction depuis 2021 aupr\u00e8s des donneurs d&rsquo;ordres. Derni\u00e8re mise \u00e0 jour 24\/12\/2025<\/p>\n","protected":false},"author":1,"featured_media":0,"parent":896,"menu_order":0,"comment_status":"closed","ping_status":"closed","template":"","meta":{"footnotes":""},"class_list":["post-15327","page","type-page","status-publish","hentry"],"jetpack_sharing_enabled":true,"_links":{"self":[{"href":"https:\/\/englishofcourse.fr\/index.php\/wp-json\/wp\/v2\/pages\/15327"}],"collection":[{"href":"https:\/\/englishofcourse.fr\/index.php\/wp-json\/wp\/v2\/pages"}],"about":[{"href":"https:\/\/englishofcourse.fr\/index.php\/wp-json\/wp\/v2\/types\/page"}],"author":[{"embeddable":true,"href":"https:\/\/englishofcourse.fr\/index.php\/wp-json\/wp\/v2\/users\/1"}],"replies":[{"embeddable":true,"href":"https:\/\/englishofcourse.fr\/index.php\/wp-json\/wp\/v2\/comments?post=15327"}],"version-history":[{"count":4,"href":"https:\/\/englishofcourse.fr\/index.php\/wp-json\/wp\/v2\/pages\/15327\/revisions"}],"predecessor-version":[{"id":15453,"href":"https:\/\/englishofcourse.fr\/index.php\/wp-json\/wp\/v2\/pages\/15327\/revisions\/15453"}],"up":[{"embeddable":true,"href":"https:\/\/englishofcourse.fr\/index.php\/wp-json\/wp\/v2\/pages\/896"}],"wp:attachment":[{"href":"https:\/\/englishofcourse.fr\/index.php\/wp-json\/wp\/v2\/media?parent=15327"}],"curies":[{"name":"wp","href":"https:\/\/api.w.org\/{rel}","templated":true}]}}