{"id":15201,"date":"2024-01-05T11:44:28","date_gmt":"2024-01-05T10:44:28","guid":{"rendered":"https:\/\/englishofcourse.fr\/?page_id=15201"},"modified":"2026-04-03T14:37:38","modified_gmt":"2026-04-03T12:37:38","slug":"formations-english360","status":"publish","type":"page","link":"https:\/\/englishofcourse.fr\/index.php\/formations-english360\/","title":{"rendered":"Formations ENGLISH 360\u00b0"},"content":{"rendered":"<p><em>Intitul\u00e9: <span style=\"color: #1f02fa;\"><a style=\"color: #1f02fa;\" href=\"https:\/\/theenglishquiz.com\/english-360-certificat\" target=\"_blank\" rel=\"noopener\"><strong>Communiquer en anglais professionnel &#8211; English 360<\/strong><\/a><\/span> \/ Code R\u00e9pertoire Sp\u00e9cifique: <span style=\"color: #030ffc;\"><a style=\"color: #030ffc;\" href=\"https:\/\/www.francecompetences.fr\/recherche\/rs\/6341\/\" target=\"_blank\" rel=\"noopener\"><strong>RS6341<\/strong><\/a><\/span><\/em><\/p>\n<p><em>Certificateur: <strong>AZURE SOLUTIONS<\/strong> \/ Date d\u2019enregistrement de la certification: <strong>19-07-2026<\/strong><\/em><\/p>\n<p><a href=\"https:\/\/theenglishquiz.com\/english-360-certificat\" target=\"_blank\" rel=\"noopener\"><span style=\"text-decoration: underline; color: #0000ff;\"><strong>English 360\u00b0<\/strong><\/span><\/a> est une certification compl\u00e8te d&rsquo;anglais, 100% en ligne, qui s&rsquo;effectue en seulement <strong>45 minutes<\/strong>.<\/p>\n<p>La certification English 360\u00b0 Certificate \u00e9value le niveau du candidat en langue anglaise dans le cadre de son activit\u00e9 professionnelle. Elle se base sur le Cadre europ\u00e9en commun de r\u00e9f\u00e9rence pour les langues (CECR).<\/p>\n<p>La certification \u00e9value, \u00e0 l&rsquo;issue d&rsquo;un parcours de formation professionnelle, le niveau pour chacune des 5 comp\u00e9tences qui la composent: compr\u00e9hension orale, compr\u00e9hension \u00e9crite, expression \u00e9crite, expression orale (continue et dialogue) :<\/p>\n<ul class=\"ml-5 list-disc\">\n<li><strong>S&rsquo;exprimer \u00e0 l&rsquo;oral dans un cadre professionnel (r\u00e9union, conversation, \u00e9change t\u00e9l\u00e9phonique,&#8230;)<\/strong><\/li>\n<li><strong>R\u00e9diger des \u00e9crits professionnels (mails, rapports, synth\u00e8se,&#8230;)<\/strong><\/li>\n<li><strong>Comprendre une conversation , dans le cadre de son activit\u00e9 professionnelle<\/strong><\/li>\n<li><strong>Comprendre des documents professionnels<\/strong><\/li>\n<\/ul>\n<p>Pas besoin de rendez-vous ou de se d\u00e9placer dans un centre agr\u00e9\u00e9, le test English 360\u00b0 s&rsquo;effectue \u00e0 tout moment depuis un ordinateur.<\/p>\n<p>La notation est r\u00e9alis\u00e9e par des examinateurs natifs, exp\u00e9riment\u00e9s et certifi\u00e9s. Le certificat est d\u00e9livr\u00e9 en 24 heures.<\/p>\n<p>Pour un aper\u00e7u du <strong>contenu du test<\/strong>, cliquez <span style=\"color: #0000ff;\"><strong><a style=\"color: #0000ff;\" href=\"https:\/\/englishofcourse.fr\/wp-content\/uploads\/2024\/01\/E360-ContenuDuTest.pdf\" target=\"_blank\" rel=\"noopener\">ici<\/a><\/strong><\/span><\/p>\n<p>Pour les <strong>instructions<\/strong>, c&rsquo;est par <span style=\"color: #0000ff;\"><strong><a style=\"color: #0000ff;\" href=\"https:\/\/englishofcourse.fr\/wp-content\/uploads\/2024\/01\/E360-Instructions.pdf\" target=\"_blank\" rel=\"noopener\">ici<\/a><\/strong><\/span><\/p>\n<p style=\"text-align: center;\"><strong>La derni\u00e8re heure de formation est r\u00e9serv\u00e9e au passage de la certification.<\/strong><\/p>\n<p style=\"text-align: center;\">Votre formation peut \u00eatre enti\u00e8rement financ\u00e9e par votre compte personnel de formation:<\/p>\n<h5 style=\"text-align: center;\">Cliquez sur la formation pour acc\u00e9der directement \u00e0 sa description sur le site moncompteformation.fr<\/h5>\n<h5 style=\"text-align: center;\">vous pouvez vous inscrire pour suivre votre formation avec un parcours individuel<\/h5>\n<p style=\"text-align: center;\"><strong><span style=\"color: #0000ff;\"><a style=\"color: #0000ff;\" href=\"https:\/\/www.moncompteformation.gouv.fr\/espace-prive\/html\/#\/formation\/recherche\/82194126700014_English360_1\/82194126700014_English360_20h\" target=\"_blank\" rel=\"noopener\">Dur\u00e9e 20h &#8211; Tarif 1500\u20ac<\/a><\/span><\/strong><\/p>\n<p style=\"text-align: center;\"><strong><span style=\"color: #0000ff;\"><a style=\"color: #0000ff;\" href=\"https:\/\/www.moncompteformation.gouv.fr\/espace-prive\/html\/#\/formation\/recherche\/82194126700014_English360_1\/82194126700014_English360_30h\" target=\"_blank\" rel=\"noopener\">Dur\u00e9e 30h &#8211; Tarif 2340\u20ac<\/a><\/span><\/strong><\/p>\n<p style=\"text-align: center;\"><strong><span style=\"color: #0000ff;\"><a style=\"font-size: inherit; color: #0000ff;\" href=\"https:\/\/www.moncompteformation.gouv.fr\/espace-prive\/html\/#\/formation\/recherche\/82194126700014_English360_1\/82194126700014_English360_40h\" target=\"_blank\" rel=\"noopener\">Dur\u00e9e 40h &#8211; Tarif 2880\u20ac<\/a><\/span><\/strong><\/p>\n<h5 style=\"text-align: center;\">Veuillez trouver ci dessous les programmes de formation ENGLISH 360\u00b0 avec les objectifs, les pr\u00e9requis, les modalit\u00e9s p\u00e9dagogiques, le contenu:<\/h5>\n\n\n<div class=\"wp-block-file aligncenter\"><a href=\"https:\/\/englishofcourse.fr\/wp-content\/uploads\/2025\/12\/PROGRAMME-DE-FORMATION-ENGLISH360\u00b0-20H-1.pdf\" target=\"_blank\" rel=\"noreferrer noopener\"><span style=\"color:#0000ff\" class=\"has-inline-color\"><strong>PROGRAMME-DE-FORMATION-ENGLISH360\u00b0-20H<\/strong><\/span><\/a><\/div>\n\n\n<\/div>\n\n\n<div class=\"wp-block-file aligncenter\"><a href=\"https:\/\/englishofcourse.fr\/wp-content\/uploads\/2025\/12\/PROGRAMME-DE-FORMATION-ENGLISH360\u00b0-30H.pdf\" target=\"_blank\" rel=\"noreferrer noopener\"><span style=\"color:#0000ff\" class=\"has-inline-color\"><strong>PROGRAMME-DE-FORMATION-ENGLISH360\u00b0-30H<\/strong><\/span><\/a><\/div>\n\n\n\n<div class=\"wp-block-file aligncenter\"><a href=\"https:\/\/englishofcourse.fr\/wp-content\/uploads\/2025\/12\/PROGRAMME-DE-FORMATION-ENGLISH360\u00b0-40H.pdf\" target=\"_blank\" rel=\"noreferrer noopener\"><span style=\"color:#0000ff\" class=\"has-inline-color\"><strong>PROGRAMME-DE-FORMATION-ENGLISH360\u00b0-40H<\/strong><\/span><\/a><\/div>\n\n\n\n<p>Pour vous aider \u00e0 vous inscrire \u00e0 votre action de formation, vous pouvez t\u00e9l\u00e9charger le guide inscription en suivant ce <strong><a rel=\"noreferrer noopener\" href=\"https:\/\/englishofcourse.fr\/wp-content\/uploads\/2021\/07\/Guide-Inscription-Action-de-Formation-CPF.pdf\" target=\"_blank\"><span style=\"color:#0000ff\" class=\"has-inline-color\">lien<\/span><\/a><\/strong><\/p>\n\n\n\n<p class=\"has-text-align-center\">Toutes nos formations peuvent \u00eatre suivies soit en&nbsp;pr\u00e9sentiel, \u00e0 distance ou sur un format mixte (pr\u00e9sentiel et \u00e0&nbsp;distance).<\/p>\n\n\n\n<p>Retrouvez <a rel=\"noreferrer noopener\" href=\"https:\/\/englishofcourse.fr\/wp-content\/uploads\/2024\/01\/welcome-kit-01361-00058419-1697716595-jerA\u00b4me-gallet-test-company.pdf\" target=\"_blank\"><span style=\"color:#0c00a3\" class=\"has-inline-color\"><strong>ici<\/strong><\/span><\/a> le WELCOME KIT du candidat pour une explication d\u00e9taill\u00e9e de la certification <strong>ENGLISH 360\u00b0<\/strong>.<\/p>\n\n\n\n<p class=\"has-text-color\" style=\"color:#0071a1\"><strong><span class=\"has-inline-color has-black-color\">ENGLISH 360\u00b0<\/span><\/strong> <span class=\"has-inline-color has-black-color\">est aussi sur<\/span> <a rel=\"noreferrer noopener\" href=\"https:\/\/www.linkedin.com\/company\/98723961\" target=\"_blank\"><span style=\"color:#0000ff\" class=\"has-inline-color\"><strong>Linkedin <\/strong><\/span><\/a><\/p>\n\n\n\n<p class=\"has-text-align-center\"><strong>Les d\u00e9lais d&rsquo;acc\u00e8s \u00e0 la formation sont inf\u00e9rieurs \u00e0 un mois \u00e0 partir de votre premi\u00e8re demande.&nbsp;<\/strong><\/p>\n\n\n\n<p class=\"has-text-align-center\">Si votre&nbsp;situation n\u00e9cessite des am\u00e9nagements particuliers, veuillez suivre&nbsp;<a rel=\"noreferrer noopener\" href=\"https:\/\/englishofcourse.fr\/index.php\/ressources-handicap\/\" target=\"_blank\"><strong><span style=\"color:#0000ff\" class=\"has-inline-color\">ce lien<\/span><\/strong><\/a>&nbsp;ou&nbsp;<strong><a rel=\"noreferrer noopener\" href=\"mailto:contact@englishofcourse.fr\" target=\"_blank\"><span style=\"color:#0000ff\" class=\"has-inline-color\">nous contacter par mail<\/span><\/a><\/strong><\/p>\n\n\n\n<p class=\"has-text-align-center\">Si vous avez besoin d&rsquo;aide ou d&rsquo;autres informations compl\u00e9mentaires, &nbsp;<a rel=\"noreferrer noopener\" href=\"mailto:contact@englishofcourse.fr\" target=\"_blank\"><strong><span style=\"color:#0000ff\" class=\"has-inline-color\">contactez nous<\/span><\/strong><\/a><\/p>\n\n\n\n<figure class=\"wp-block-image aligncenter size-large\"><img loading=\"lazy\" decoding=\"async\" width=\"600\" height=\"254\" src=\"https:\/\/englishofcourse.fr\/wp-content\/uploads\/2024\/01\/English360-Partner-Badge.png\" alt=\"\" class=\"wp-image-15203\" srcset=\"https:\/\/englishofcourse.fr\/wp-content\/uploads\/2024\/01\/English360-Partner-Badge.png 600w, https:\/\/englishofcourse.fr\/wp-content\/uploads\/2024\/01\/English360-Partner-Badge-300x127.png 300w, https:\/\/englishofcourse.fr\/wp-content\/uploads\/2024\/01\/English360-Partner-Badge-230x97.png 230w, https:\/\/englishofcourse.fr\/wp-content\/uploads\/2024\/01\/English360-Partner-Badge-350x148.png 350w, https:\/\/englishofcourse.fr\/wp-content\/uploads\/2024\/01\/English360-Partner-Badge-480x203.png 480w\" sizes=\"(max-width: 600px) 100vw, 600px\" \/><\/figure>\n\n\n\n<p class=\"has-text-align-right\"><em>derni\u00e8re mise \u00e0 jour: le 15 mars 202<\/em>6<\/p>\n","protected":false},"excerpt":{"rendered":"<p>Intitul\u00e9: Communiquer en anglais professionnel &#8211; English 360 \/ Code R\u00e9pertoire Sp\u00e9cifique: RS6341 Certificateur: AZURE SOLUTIONS \/ Date d\u2019enregistrement de la certification: 19-07-2026 English 360\u00b0 est une certification compl\u00e8te d&rsquo;anglais, 100% en ligne, qui s&rsquo;effectue en seulement 45 minutes. La certification English 360\u00b0 Certificate \u00e9value le niveau du candidat en langue anglaise dans le cadre de son activit\u00e9 professionnelle. Elle se base sur le Cadre europ\u00e9en commun de r\u00e9f\u00e9rence pour les langues (CECR). La certification \u00e9value, \u00e0 l&rsquo;issue d&rsquo;un parcours de formation professionnelle, le niveau pour chacune des 5 comp\u00e9tences qui la composent: compr\u00e9hension orale, compr\u00e9hension \u00e9crite, expression \u00e9crite, expression [&hellip;]<\/p>\n","protected":false},"author":1,"featured_media":0,"parent":0,"menu_order":0,"comment_status":"closed","ping_status":"closed","template":"","meta":{"footnotes":""},"class_list":["post-15201","page","type-page","status-publish","hentry"],"jetpack_sharing_enabled":true,"_links":{"self":[{"href":"https:\/\/englishofcourse.fr\/index.php\/wp-json\/wp\/v2\/pages\/15201"}],"collection":[{"href":"https:\/\/englishofcourse.fr\/index.php\/wp-json\/wp\/v2\/pages"}],"about":[{"href":"https:\/\/englishofcourse.fr\/index.php\/wp-json\/wp\/v2\/types\/page"}],"author":[{"embeddable":true,"href":"https:\/\/englishofcourse.fr\/index.php\/wp-json\/wp\/v2\/users\/1"}],"replies":[{"embeddable":true,"href":"https:\/\/englishofcourse.fr\/index.php\/wp-json\/wp\/v2\/comments?post=15201"}],"version-history":[{"count":35,"href":"https:\/\/englishofcourse.fr\/index.php\/wp-json\/wp\/v2\/pages\/15201\/revisions"}],"predecessor-version":[{"id":15474,"href":"https:\/\/englishofcourse.fr\/index.php\/wp-json\/wp\/v2\/pages\/15201\/revisions\/15474"}],"wp:attachment":[{"href":"https:\/\/englishofcourse.fr\/index.php\/wp-json\/wp\/v2\/media?parent=15201"}],"curies":[{"name":"wp","href":"https:\/\/api.w.org\/{rel}","templated":true}]}}