{"id":1502,"date":"2021-01-14T10:33:35","date_gmt":"2021-01-14T09:33:35","guid":{"rendered":"http:\/\/englishofcourse.fr\/?page_id=1502"},"modified":"2021-07-05T13:55:40","modified_gmt":"2021-07-05T11:55:40","slug":"cgu","status":"publish","type":"page","link":"https:\/\/englishofcourse.fr\/index.php\/cgu\/","title":{"rendered":"CGU \/ Mentions L\u00e9gales"},"content":{"rendered":"\n<h1 class=\"wp-block-heading\">Conditions g\u00e9n\u00e9rales d\u2019utilisation<\/h1>\n\n\n\n<p>Les pr\u00e9sentes conditions g\u00e9n\u00e9rales d\u2019utilisation (dites \u00ab&nbsp;CGU&nbsp;\u00bb) ont pour objet l\u2019encadrement juridique des modalit\u00e9s de mise \u00e0 disposition du site et des services par et de d\u00e9finir les conditions d\u2019acc\u00e8s et d\u2019utilisation des services par \u00ab&nbsp;l\u2019Utilisateur&nbsp;\u00bb.<\/p>\n\n\n\n<h2 class=\"wp-block-heading\">\u00c9diteur du site<\/h2>\n\n\n\n<p>Le pr\u00e9sent site est \u00e9dit\u00e9 et g\u00e9r\u00e9 par la soci\u00e9t\u00e9 English Of Course, SASU au capital de 1500\u20ac, immatricul\u00e9e sous le code&nbsp;<strong>SIRET&nbsp;:  821 941 267 000 14<\/strong>, dont le si\u00e8ge social est situ\u00e9 :<br>SASU English Of Course Lieu dit Rochegut 42 380 Rozier C\u00f4tes d&rsquo;Aurec<br>T\u00e9l : 06 87 31 64 22<\/p>\n\n\n\n<h2 class=\"wp-block-heading\">Contenu, propri\u00e9t\u00e9 intellectuelle et droits voisins :<\/h2>\n\n\n\n<p>Les donn\u00e9es publi\u00e9es sur&nbsp;<a href=\"http:\/\/www.2lformations.fr\/\">www.englishofcourse.fr<\/a>&nbsp;&nbsp;sont la propri\u00e9t\u00e9 exclusive de leurs titulaires. Elles sont prot\u00e9g\u00e9es par des droits de propri\u00e9t\u00e9 intellectuelle et des droits voisins r\u00e9serv\u00e9s aux seuls titulaires de ces droits. En cons\u00e9quence, toute utilisation, reproduction, repr\u00e9sentation ou diffusion partielle ou totale de ces \u00e9l\u00e9ments est strictement interdite conform\u00e9ment \u00e0 l\u2019article L.122-5 . 2\u00b0 du code de la propri\u00e9t\u00e9 intellectuelle.<\/p>\n\n\n\n<p>Les informations qui figurent sur ce site n\u2019ont aucun caract\u00e8re contractuel et ne sauraient engager la responsabilit\u00e9 du English Of Course qui reste libre, \u00e0 tout moment d\u2019enrichir, modifier, corriger ou supprimer tout ou partie du contenu et des pr\u00e9sentations des pages de son site.<\/p>\n\n\n\n<p>Malgr\u00e9 tous les soins apport\u00e9s pour la constitution et la mise \u00e0 jour de ce site, des erreurs, inexactitudes ou omissions peuvent subsister ainsi que des probl\u00e8mes de connexion au site ou d\u2019interruption dans la connexion. English Of Course d\u00e9cline toutes responsabilit\u00e9s quant aux dommages directs ou indirects qui pourraient en r\u00e9sulter.<\/p>\n\n\n\n<p>Par les liens hypertexte, vous avez la possibilit\u00e9 de consulter d\u2019autres sites. English Of Course ne peut \u00eatre tenu pour responsable des contenus des sites auxquels il est renvoy\u00e9 et sur lesquels il n\u2019a aucun contr\u00f4le.<\/p>\n\n\n\n<h2 class=\"wp-block-heading\">Protection des Donn\u00e9es Personnelles<\/h2>\n\n\n\n<p>Les informations recueillies sur le formulaire de contact sont enregistr\u00e9es dans un fichier informatis\u00e9 par&nbsp;notre p\u00f4le administratif.<\/p>\n\n\n\n<p>Nous n\u2019utilisons vos donn\u00e9es personnelles que dans le cadre strictement interne \u00e0 English Of Course et dans le cadre exclusif de son activit\u00e9 de centre de formation. Nous ne commercialisons en aucun cas vos donn\u00e9es \u00e0 des fins marketings \u00e0 des soci\u00e9t\u00e9s ou organismes ext\u00e9rieurs \u00e0 English Of Course.<\/p>\n\n\n\n<p>Conform\u00e9ment \u00e0 la&nbsp;<a href=\"https:\/\/www.cnil.fr\/fr\/loi-78-17-du-6-janvier-1978-modifiee\">loi \u00ab informatique et libert\u00e9s \u00bb<\/a>, vous pouvez exercer votre droit d\u2019acc\u00e8s aux donn\u00e9es vous concernant et les faire rectifier en contactant :&nbsp;<strong>contact@englishofcourse.fr<\/strong><\/p>\n\n\n\n<h2 class=\"wp-block-heading\">H\u00e9bergeur&nbsp;:<\/h2>\n\n\n\n<p>SAS OVH<br>140 Quai du Sartel<br>59100 Roubaix<br>France<br><a href=\"http:\/\/www.ovh.com\/\">www.ovh.com<\/a><br>Nom de domaine : www.englishofcourse.fr<\/p>\n\n\n\n<h2 class=\"wp-block-heading\">Conception du site<\/h2>\n\n\n\n<p>Thibaud Tourancheau<\/p>\n\n\n\n<p>Remarques G\u00e9n\u00e9rales<\/p>\n\n\n\n<p>Aucune des donn\u00e9es personnelles collect\u00e9es \u00e0 partir du Site n\u2019est communiqu\u00e9e ou c\u00e9d\u00e9e \u00e0 des tiers \u00e0 des fins commerciales.<\/p>\n\n\n\n<p>Vos donn\u00e9es \u00e0 caract\u00e8re personnel ainsi collect\u00e9es sont conserv\u00e9es pendant une dur\u00e9e qui n\u2019exc\u00e8de pas la dur\u00e9e n\u00e9cessaire aux finalit\u00e9s pour lesquelles elles ont \u00e9t\u00e9 collect\u00e9es et pour permettre \u00e0 ENGLISH OF COURSE de respecter strictement et uniquement ses obligations l\u00e9gales.&nbsp;<\/p>\n\n\n\n<p>Conform\u00e9ment \u00e0 la loi \u00ab Informatique et Libert\u00e9s \u00bb du 6 janvier 1978 et au R\u00e8glement europ\u00e9en sur la protection des donn\u00e9es du 27 avril 2016, vous disposez d&rsquo;un droit d&rsquo;acc\u00e8s, d\u2019interrogation, de rectification, d\u2019effacement, de limitation des donn\u00e9es \u00e0 caract\u00e8re personnel qui vous concernent.<\/p>\n\n\n\n<p>Vous disposez \u00e9galement d\u2019un droit d\u2019opposition au traitement de vos donn\u00e9es \u00e0 caract\u00e8re personnel pour des motifs l\u00e9gitimes, ainsi que d\u2019un droit d\u2019opposition \u00e0 ce que vos donn\u00e9es \u00e0 caract\u00e8re personnel soient utilis\u00e9es \u00e0 des fins de prospection commerciale.<\/p>\n\n\n\n<p>Vous disposez en outre d\u2019un droit de retrait du consentement, pour les traitements fond\u00e9s exclusivement sur votre consentement.<\/p>\n\n\n\n<p>Vous disposez par ailleurs du droit de faire part au responsable de traitement de vos directives quant au sort de vos donn\u00e9es \u00e0 caract\u00e8re personnel. En contactant l\u2019adresse E-mail :&nbsp;<a href=\"mailto:contact@englishofcourse.fr\">contact@englishofcourse.fr<\/a><\/p>\n\n\n\n<p>Enfin, vous disposez de la possibilit\u00e9 de demander que vos donn\u00e9es \u00e0 caract\u00e8re personnel soient export\u00e9es vers un tiers lorsque vous avez consenti \u00e0 la collecte de vos donn\u00e9es \u00e0 caract\u00e8re personnel ou lorsque vos donn\u00e9es \u00e0 caract\u00e8re personnel ont \u00e9t\u00e9 collect\u00e9es dans le cadre de l\u2019ex\u00e9cution d\u2019un contrat.<\/p>\n\n\n\n<p>Vous disposez \u00e9galement de la possibilit\u00e9 d\u2019introduire une r\u00e9clamation aupr\u00e8s de la CNIL, autorit\u00e9 de contr\u00f4le comp\u00e9tente pour la protection des donn\u00e9es.<\/p>\n\n\n\n<h2 class=\"wp-block-heading\">Utilisation des donn\u00e9es personnelles collect\u00e9es<\/h2>\n\n\n\n<h3 class=\"wp-block-heading\">Commentaires<\/h3>\n\n\n\n<p>Quand vous laissez un commentaire sur notre site, les donn\u00e9es inscrites dans le formulaire de commentaire, mais aussi votre adresse IP et l\u2019agent utilisateur de votre navigateur sont collect\u00e9s pour nous aider \u00e0 la d\u00e9tection des commentaires ind\u00e9sirables.<\/p>\n\n\n\n<p>Une cha\u00eene anonymis\u00e9e cr\u00e9\u00e9e \u00e0 partir de votre adresse e-mail (\u00e9galement appel\u00e9e hash) peut \u00eatre envoy\u00e9e au service Gravatar pour v\u00e9rifier si vous utilisez ce dernier. Les clauses de confidentialit\u00e9 du service Gravatar sont disponibles ici&nbsp;: https:\/\/automattic.com\/privacy\/. Apr\u00e8s validation de votre commentaire, votre photo de profil sera visible publiquement \u00e0 cot\u00e9 de votre commentaire.<\/p>\n\n\n\n<h3 class=\"wp-block-heading\">M\u00e9dias<\/h3>\n\n\n\n<p>Si vous t\u00e9l\u00e9versez des images sur le site, nous vous conseillons d\u2019\u00e9viter de t\u00e9l\u00e9verser des images contenant des donn\u00e9es EXIF de coordonn\u00e9es GPS. Les personnes visitant votre site peuvent t\u00e9l\u00e9charger et extraire des donn\u00e9es de localisation depuis ces images.<\/p>\n\n\n\n<h3 class=\"wp-block-heading\">Formulaires de contact<\/h3>\n\n\n\n<h3 class=\"wp-block-heading\">Cookies<\/h3>\n\n\n\n<p>Si vous d\u00e9posez un commentaire sur notre site, il vous sera propos\u00e9 d\u2019enregistrer votre nom, adresse e-mail et site dans des cookies. C\u2019est uniquement pour votre confort afin de ne pas avoir \u00e0 saisir ces informations si vous d\u00e9posez un autre commentaire plus tard. Ces cookies expirent au bout d\u2019un an.<\/p>\n\n\n\n<p>Si vous vous rendez sur la page de connexion, un cookie temporaire sera cr\u00e9\u00e9 afin de d\u00e9terminer si votre navigateur accepte les cookies. Il ne contient pas de donn\u00e9es personnelles et sera supprim\u00e9 automatiquement \u00e0 la fermeture de votre navigateur.<\/p>\n\n\n\n<p>Lorsque vous vous connecterez, nous mettrons en place un certain nombre de cookies pour enregistrer vos informations de connexion et vos pr\u00e9f\u00e9rences d\u2019\u00e9cran. La dur\u00e9e de vie d\u2019un cookie de connexion est de deux jours, celle d\u2019un cookie d\u2019option d\u2019\u00e9cran est d\u2019un an. Si vous cochez \u00ab&nbsp;Se souvenir de moi&nbsp;\u00bb, votre cookie de connexion sera conserv\u00e9 pendant deux semaines. Si vous vous d\u00e9connectez de votre compte, le cookie de connexion sera effac\u00e9.<\/p>\n\n\n\n<p>En modifiant ou en publiant une publication, un cookie suppl\u00e9mentaire sera enregistr\u00e9 dans votre navigateur. Ce cookie ne comprend aucune donn\u00e9e personnelle. Il indique simplement l\u2019ID de la publication que vous venez de modifier. Il expire au bout d\u2019un jour.<\/p>\n\n\n\n<h3 class=\"wp-block-heading\">Contenu embarqu\u00e9 depuis d\u2019autres sites<\/h3>\n\n\n\n<p>Les articles de ce site peuvent inclure des contenus int\u00e9gr\u00e9s (par exemple des vid\u00e9os, images, articles\u2026). Le contenu int\u00e9gr\u00e9 depuis d\u2019autres sites se comporte de la m\u00eame mani\u00e8re que si le visiteur se rendait sur cet autre site.<\/p>\n\n\n\n<p>Ces sites web pourraient collecter des donn\u00e9es sur vous, utiliser des cookies, embarquer des outils de suivis tiers, suivre vos interactions avec ces contenus embarqu\u00e9s si vous disposez d\u2019un compte connect\u00e9 sur leur site web.<\/p>\n\n\n\n<h3 class=\"wp-block-heading\">Statistiques et mesures d\u2019audience<\/h3>\n\n\n\n<h2 class=\"wp-block-heading\">Utilisation et transmission de vos donn\u00e9es personnelles<\/h2>\n\n\n\n<p>Si vous demandez une r\u00e9initialisation de votre mot de passe, votre adresse IP sera incluse dans l\u2019e-mail de r\u00e9initialisation.<\/p>\n\n\n\n<h2 class=\"wp-block-heading\">Dur\u00e9es de stockage de vos donn\u00e9es<\/h2>\n\n\n\n<p>Si vous laissez un commentaire, le commentaire et ses m\u00e9tadonn\u00e9es sont conserv\u00e9s ind\u00e9finiment. Cela permet de reconna\u00eetre et approuver automatiquement les commentaires suivants au lieu de les laisser dans la file de mod\u00e9ration.<\/p>\n\n\n\n<p>Pour les comptes qui s\u2019inscrivent sur notre site (le cas \u00e9ch\u00e9ant), nous stockons \u00e9galement les donn\u00e9es personnelles indiqu\u00e9es dans leur profil. Tous les comptes peuvent voir, modifier ou supprimer leurs informations personnelles \u00e0 tout moment (\u00e0 l\u2019exception de leur identifiant). Les gestionnaires du site peuvent aussi voir et modifier ces informations.<\/p>\n\n\n\n<h2 class=\"wp-block-heading\">Les droits que vous avez sur vos donn\u00e9es<\/h2>\n\n\n\n<p>Si vous avez un compte ou si vous avez laiss\u00e9 des commentaires sur le site, vous pouvez demander \u00e0 recevoir un fichier contenant toutes les donn\u00e9es personnelles que nous poss\u00e9dons \u00e0 votre sujet, incluant celles que vous nous avez fournies. Vous pouvez \u00e9galement demander la suppression des donn\u00e9es personnelles vous concernant. Cela ne prend pas en compte les donn\u00e9es stock\u00e9es \u00e0 des fins administratives, l\u00e9gales ou pour des raisons de s\u00e9curit\u00e9.<\/p>\n\n\n\n<p class=\"has-text-align-right\"><em>Derni\u00e8re mise \u00e0 jour: Mercredi 30\/06\/2021<\/em><\/p>\n\n\n\n<p><\/p>\n","protected":false},"excerpt":{"rendered":"<p>Conditions g\u00e9n\u00e9rales d\u2019utilisation Les pr\u00e9sentes conditions g\u00e9n\u00e9rales d\u2019utilisation (dites \u00ab&nbsp;CGU&nbsp;\u00bb) ont pour objet l\u2019encadrement juridique des modalit\u00e9s de mise \u00e0 disposition du site et des services par et de d\u00e9finir les conditions d\u2019acc\u00e8s et d\u2019utilisation des services par \u00ab&nbsp;l\u2019Utilisateur&nbsp;\u00bb. \u00c9diteur du site Le pr\u00e9sent site est \u00e9dit\u00e9 et g\u00e9r\u00e9 par la soci\u00e9t\u00e9 English Of Course, SASU au capital de 1500\u20ac, immatricul\u00e9e sous le code&nbsp;SIRET&nbsp;: 821 941 267 000 14, dont le si\u00e8ge social est situ\u00e9 :SASU English Of Course Lieu dit Rochegut 42 380 Rozier C\u00f4tes d&rsquo;AurecT\u00e9l : 06 87 31 64 22 Contenu, propri\u00e9t\u00e9 intellectuelle et droits voisins : [&hellip;]<\/p>\n","protected":false},"author":1,"featured_media":0,"parent":0,"menu_order":0,"comment_status":"closed","ping_status":"closed","template":"","meta":{"footnotes":""},"class_list":["post-1502","page","type-page","status-publish","hentry"],"jetpack_sharing_enabled":true,"_links":{"self":[{"href":"https:\/\/englishofcourse.fr\/index.php\/wp-json\/wp\/v2\/pages\/1502"}],"collection":[{"href":"https:\/\/englishofcourse.fr\/index.php\/wp-json\/wp\/v2\/pages"}],"about":[{"href":"https:\/\/englishofcourse.fr\/index.php\/wp-json\/wp\/v2\/types\/page"}],"author":[{"embeddable":true,"href":"https:\/\/englishofcourse.fr\/index.php\/wp-json\/wp\/v2\/users\/1"}],"replies":[{"embeddable":true,"href":"https:\/\/englishofcourse.fr\/index.php\/wp-json\/wp\/v2\/comments?post=1502"}],"version-history":[{"count":7,"href":"https:\/\/englishofcourse.fr\/index.php\/wp-json\/wp\/v2\/pages\/1502\/revisions"}],"predecessor-version":[{"id":2104,"href":"https:\/\/englishofcourse.fr\/index.php\/wp-json\/wp\/v2\/pages\/1502\/revisions\/2104"}],"wp:attachment":[{"href":"https:\/\/englishofcourse.fr\/index.php\/wp-json\/wp\/v2\/media?parent=1502"}],"curies":[{"name":"wp","href":"https:\/\/api.w.org\/{rel}","templated":true}]}}