{"id":1387,"date":"2019-12-03T18:38:54","date_gmt":"2019-12-03T17:38:54","guid":{"rendered":"http:\/\/englishofcourse.fr\/?page_id=1387"},"modified":"2023-09-07T17:45:44","modified_gmt":"2023-09-07T15:45:44","slug":"immersion","status":"publish","type":"page","link":"https:\/\/englishofcourse.fr\/index.php\/immersion\/","title":{"rendered":"Immersion"},"content":{"rendered":"<h2 style=\"text-align: center;\"><a href=\"https:\/\/englishofcourse.fr\/wp-content\/uploads\/2016\/08\/Logo.jpg\"><img loading=\"lazy\" decoding=\"async\" class=\"aligncenter wp-image-4\" src=\"https:\/\/englishofcourse.fr\/wp-content\/uploads\/2016\/08\/Logo.jpg\" alt=\"Logo\" width=\"378\" height=\"112\" srcset=\"https:\/\/englishofcourse.fr\/wp-content\/uploads\/2016\/08\/Logo.jpg 1589w, https:\/\/englishofcourse.fr\/wp-content\/uploads\/2016\/08\/Logo-300x89.jpg 300w, https:\/\/englishofcourse.fr\/wp-content\/uploads\/2016\/08\/Logo-768x227.jpg 768w, https:\/\/englishofcourse.fr\/wp-content\/uploads\/2016\/08\/Logo-1024x303.jpg 1024w, https:\/\/englishofcourse.fr\/wp-content\/uploads\/2016\/08\/Logo-1200x355.jpg 1200w\" sizes=\"(max-width: 378px) 100vw, 378px\" \/><\/a><\/h2>\n<p class=\"mentions-texteditor__content\">Premium Immersion in London? It&rsquo;s possible with English Of Course<\/p>\n<p class=\"mentions-texteditor__content\">Utilisez votre <span style=\"text-decoration: underline;\"><strong>CPF<\/strong><\/span> pour financer votre formation et votre immersion!<\/p>\n<p class=\"mentions-texteditor__content\">Autant joindre l&rsquo;utile \u00e0 l&rsquo;agr\u00e9able, apprendre en direct de Londres, combining learning with pleasure is possible.<\/p>\n<p class=\"mentions-texteditor__content\">English Of Course propose des immersions premium, oubliez les douches partag\u00e9es avec l&rsquo;habitant, les familles d&rsquo;accueil parlant \u00e0 peine anglais. Nous sommes sp\u00e9cialis\u00e9s depuis plus de 6 ans dans la formation et l&rsquo;organisation d&rsquo;immersions.<\/p>\n<p class=\"mentions-texteditor__content\">Nous vous proposons de partir \u00e0 Londres dans des logements s\u00e9lectionn\u00e9s par nos soins avec tout le confort n\u00e9cessaire pour passer un agr\u00e9able s\u00e9jour All in English.<\/p>\n<p class=\"mentions-texteditor__content\">Formule compl\u00e8te, Vols, H\u00e9bergement, Visites guid\u00e9es, Transport and Food, nous nous occupons de tout &#x1f44d;&#x1f603;<\/p>\n<p class=\"mentions-texteditor__content\">Visite de la capitale, Bus Tour, Beer in a traditional Pub et bien d&rsquo;autres surprises vous attendent&#8230;<\/p>\n<p class=\"mentions-texteditor__content\">L&rsquo;objectif est simple: \u00eatre plus \u00e0 l&rsquo;aise \u00e0 la fin de l&rsquo;immersion, gagner en confiance au fil des jours et pouvoir communiquer et comprendre plus facilement.<\/p>\n<p class=\"mentions-texteditor__content\">Pour plus d&rsquo;informations, je vous invite \u00e0 me contacter: thibaud@englishofcourse.fr \/ 06 87 31 64 22<\/p>\n<p class=\"mentions-texteditor__content\">See you soon &#x1f603;&#x1f1ec;&#x1f1e7;<\/p>\n<p><a href=\"https:\/\/englishofcourse.fr\/wp-content\/uploads\/2019\/12\/IMG_9051.jpg\"><img loading=\"lazy\" decoding=\"async\" class=\"aligncenter wp-image-1388 size-large\" src=\"https:\/\/englishofcourse.fr\/wp-content\/uploads\/2019\/12\/IMG_9051-1024x768.jpg\" alt=\"\" width=\"1024\" height=\"768\" srcset=\"https:\/\/englishofcourse.fr\/wp-content\/uploads\/2019\/12\/IMG_9051-1024x768.jpg 1024w, https:\/\/englishofcourse.fr\/wp-content\/uploads\/2019\/12\/IMG_9051-300x225.jpg 300w, https:\/\/englishofcourse.fr\/wp-content\/uploads\/2019\/12\/IMG_9051-768x576.jpg 768w, https:\/\/englishofcourse.fr\/wp-content\/uploads\/2019\/12\/IMG_9051-830x623.jpg 830w, https:\/\/englishofcourse.fr\/wp-content\/uploads\/2019\/12\/IMG_9051-230x173.jpg 230w, https:\/\/englishofcourse.fr\/wp-content\/uploads\/2019\/12\/IMG_9051-350x263.jpg 350w, https:\/\/englishofcourse.fr\/wp-content\/uploads\/2019\/12\/IMG_9051-480x360.jpg 480w\" sizes=\"(max-width: 1024px) 100vw, 1024px\" \/><\/a><\/p>\n","protected":false},"excerpt":{"rendered":"<p>Premium Immersion in London? It&rsquo;s possible with English Of Course Utilisez votre CPF pour financer votre formation et votre immersion! Autant joindre l&rsquo;utile \u00e0 l&rsquo;agr\u00e9able, apprendre en direct de Londres, combining learning with pleasure is possible. English Of Course propose des immersions premium, oubliez les douches partag\u00e9es avec l&rsquo;habitant, les familles d&rsquo;accueil parlant \u00e0 peine anglais. Nous sommes sp\u00e9cialis\u00e9s depuis plus de 6 ans dans la formation et l&rsquo;organisation d&rsquo;immersions. Nous vous proposons de partir \u00e0 Londres dans des logements s\u00e9lectionn\u00e9s par nos soins avec tout le confort n\u00e9cessaire pour passer un agr\u00e9able s\u00e9jour All in English. Formule compl\u00e8te, Vols, [&hellip;]<\/p>\n","protected":false},"author":1,"featured_media":0,"parent":0,"menu_order":0,"comment_status":"closed","ping_status":"closed","template":"","meta":{"footnotes":""},"class_list":["post-1387","page","type-page","status-publish","hentry"],"jetpack_sharing_enabled":true,"_links":{"self":[{"href":"https:\/\/englishofcourse.fr\/index.php\/wp-json\/wp\/v2\/pages\/1387"}],"collection":[{"href":"https:\/\/englishofcourse.fr\/index.php\/wp-json\/wp\/v2\/pages"}],"about":[{"href":"https:\/\/englishofcourse.fr\/index.php\/wp-json\/wp\/v2\/types\/page"}],"author":[{"embeddable":true,"href":"https:\/\/englishofcourse.fr\/index.php\/wp-json\/wp\/v2\/users\/1"}],"replies":[{"embeddable":true,"href":"https:\/\/englishofcourse.fr\/index.php\/wp-json\/wp\/v2\/comments?post=1387"}],"version-history":[{"count":2,"href":"https:\/\/englishofcourse.fr\/index.php\/wp-json\/wp\/v2\/pages\/1387\/revisions"}],"predecessor-version":[{"id":15196,"href":"https:\/\/englishofcourse.fr\/index.php\/wp-json\/wp\/v2\/pages\/1387\/revisions\/15196"}],"wp:attachment":[{"href":"https:\/\/englishofcourse.fr\/index.php\/wp-json\/wp\/v2\/media?parent=1387"}],"curies":[{"name":"wp","href":"https:\/\/api.w.org\/{rel}","templated":true}]}}